{"id":86437,"date":"2024-10-09T12:02:11","date_gmt":"2024-10-09T17:02:11","guid":{"rendered":"https:\/\/www.loadview-testing.com\/demo\/vielen-dank-dass-sie-ihre-kostenlose-onboarding-sitzung-geplant-haben\/"},"modified":"2024-10-09T12:02:12","modified_gmt":"2024-10-09T17:02:12","slug":"vielen-dank-dass-sie-ihre-kostenlose-onboarding-sitzung-geplant-haben","status":"publish","type":"page","link":"https:\/\/www.loadview-testing.com\/de\/demo\/vielen-dank-dass-sie-ihre-kostenlose-onboarding-sitzung-geplant-haben\/","title":{"rendered":"Vielen Dank, dass Sie Ihre kostenlose Onboarding-Sitzung geplant haben!"},"content":{"rendered":"[et_pb_section fb_built=&#8221;1&#8243; custom_padding_last_edited=&#8221;on|phone&#8221; admin_label=&#8221;section&#8221; _builder_version=&#8221;4.17.0&#8243; use_background_color_gradient=&#8221;on&#8221; background_color_gradient_direction=&#8221;160deg&#8221; background_color_gradient_stops=&#8221;#2e39bf 66%|#252eb0 66%&#8221; background_color_gradient_start=&#8221;#2e39bf&#8221; background_color_gradient_start_position=&#8221;66%&#8221; background_color_gradient_end=&#8221;#252eb0&#8243; background_color_gradient_end_position=&#8221;0%&#8221; custom_padding=&#8221;4em||4em||false|false&#8221; custom_padding_tablet=&#8221;&#8221; custom_padding_phone=&#8221;2em||4em|&#8221; global_colors_info=&#8221;{}&#8221; locked=&#8221;off&#8221; theme_builder_area=&#8221;post_content&#8221;][et_pb_row use_custom_gutter=&#8221;on&#8221; gutter_width=&#8221;2&#8243; make_equal=&#8221;on&#8221; disabled_on=&#8221;off|off|off&#8221; admin_label=&#8221;Zeile&#8221; _builder_version=&#8221;4.16&#8243; background_size=&#8221;initial&#8221; background_position=&#8221;top_left&#8221; background_repeat=&#8221;repeat&#8221; custom_padding=&#8221;0px||0px|&#8221; global_colors_info=&#8221;{}&#8221; theme_builder_area=&#8221;post_content&#8221;][et_pb_column type=&#8221;4_4&#8243; _builder_version=&#8221;4.16&#8243; custom_padding=&#8221;|||&#8221; global_colors_info=&#8221;{}&#8221; custom_padding__hover=&#8221;|||&#8221; theme_builder_area=&#8221;post_content&#8221;][et_pb_icon _builder_version=&#8221;4.27.0&#8243; _module_preset=&#8221;default&#8221; theme_builder_area=&#8221;post_content&#8221; font_icon=&#8221;&#xf274;||fa||900&#8243; icon_color=&#8221;#FFFFFF&#8221; icon_width=&#8221;40px&#8221; hover_enabled=&#8221;0&#8243; sticky_enabled=&#8221;0&#8243;][\/et_pb_icon][et_pb_text _builder_version=&#8221;4.27.0&#8243; text_text_color=&#8221;#FFFFFF&#8221; text_font_size=&#8221;27px&#8221; text_line_height=&#8221;1.8em&#8221; header_font=&#8221;|700|||||||&#8221; header_2_font=&#8221;Montserrat||||||||&#8221; header_2_text_align=&#8221;center&#8221; header_2_text_color=&#8221;#ffffff&#8221; header_2_font_size=&#8221;32px&#8221; header_2_line_height=&#8221;1.35em&#8221; text_orientation=&#8221;center&#8221; custom_margin=&#8221;||15px&#8221; hover_enabled=&#8221;0&#8243; text_font_size_tablet=&#8221;27px&#8221; text_font_size_phone=&#8221;22px&#8221; text_font_size_last_edited=&#8221;on|phone&#8221; locked=&#8221;off&#8221; global_colors_info=&#8221;{}&#8221; theme_builder_area=&#8221;post_content&#8221; header_text_color=&#8221;#FFFFFF&#8221; header_font_size=&#8221;38px&#8221; sticky_enabled=&#8221;0&#8243; header_font_size_last_edited=&#8221;on|tablet&#8221; header_font_size_phone=&#8221;23px&#8221; header_font_size_tablet=&#8221;32px&#8221;]\n<h1 id='vielen-dank-dass-sie-ihre-kostenlose-loadview-onboarding-sitzung-geplant-haben'  id=\"boomdevs_1\">Vielen Dank, dass Sie Ihre kostenlose LoadView-Onboarding-Sitzung geplant haben!<\/h1>\n[\/et_pb_text][et_pb_text _builder_version=&#8221;4.27.0&#8243; text_text_color=&#8221;#FFFFFF&#8221; text_font_size=&#8221;26px&#8221; text_line_height=&#8221;1.8em&#8221; header_font=&#8221;||||||||&#8221; header_2_font=&#8221;Montserrat||||||||&#8221; header_2_text_align=&#8221;center&#8221; header_2_text_color=&#8221;#ffffff&#8221; header_2_font_size=&#8221;32px&#8221; header_2_line_height=&#8221;1.35em&#8221; text_orientation=&#8221;center&#8221; custom_margin=&#8221;||15px&#8221; hover_enabled=&#8221;0&#8243; text_font_size_tablet=&#8221;26px&#8221; text_font_size_phone=&#8221;18px&#8221; text_font_size_last_edited=&#8221;on|phone&#8221; locked=&#8221;off&#8221; global_colors_info=&#8221;{}&#8221; theme_builder_area=&#8221;post_content&#8221; sticky_enabled=&#8221;0&#8243;]Ihre Einzelsitzung mit einem Performance Engineer wird best\u00e4tigt.[\/et_pb_text][\/et_pb_column][\/et_pb_row][et_pb_row use_custom_gutter=&#8221;on&#8221; gutter_width=&#8221;2&#8243; make_equal=&#8221;on&#8221; disabled_on=&#8221;off|off|on&#8221; admin_label=&#8221;Zeile&#8221; _builder_version=&#8221;4.16&#8243; background_size=&#8221;initial&#8221; background_position=&#8221;top_left&#8221; background_repeat=&#8221;repeat&#8221; custom_padding=&#8221;0px||0px|&#8221; global_colors_info=&#8221;{}&#8221; theme_builder_area=&#8221;post_content&#8221;][et_pb_column type=&#8221;4_4&#8243; _builder_version=&#8221;4.16&#8243; custom_padding=&#8221;|||&#8221; global_colors_info=&#8221;{}&#8221; custom_padding__hover=&#8221;|||&#8221; theme_builder_area=&#8221;post_content&#8221;][\/et_pb_column][\/et_pb_row][\/et_pb_section][et_pb_section fb_built=&#8221;1&#8243; theme_builder_area=&#8221;post_content&#8221; _builder_version=&#8221;4.27.0&#8243; _module_preset=&#8221;default&#8221;][et_pb_row _builder_version=&#8221;4.27.0&#8243; _module_preset=&#8221;default&#8221; column_structure=&#8221;1_2,1_2&#8243; theme_builder_area=&#8221;post_content&#8221;][et_pb_column _builder_version=&#8221;4.27.0&#8243; _module_preset=&#8221;default&#8221; type=&#8221;1_2&#8243; theme_builder_area=&#8221;post_content&#8221;][et_pb_text _builder_version=&#8221;4.27.0&#8243; _module_preset=&#8221;default&#8221; theme_builder_area=&#8221;post_content&#8221; hover_enabled=&#8221;0&#8243; sticky_enabled=&#8221;0&#8243; text_font_size=&#8221;18px&#8221;]\n<p><strong>Was Sie erwartet:<\/strong><\/p>\n<ul>\n<li>Eine detaillierte exemplarische Vorgehensweise zu den Funktionen und Funktionen von LoadView<\/li>\n<li>Personalisierte Anleitung zu Skripterstellung, Einrichtung und Ausf\u00fchrung<\/li>\n<li>Unterst\u00fctzung bei Leistungstests, die auf Ihre Bed\u00fcrfnisse zugeschnitten sind<\/li>\n<\/ul>\n<p><strong><\/strong><\/p>\n<p><strong>N\u00e4chste Schritte:<\/strong><\/p>\n<p>\u00dcberpr\u00fcfen Sie Ihren Posteingang auf eine Best\u00e4tigungs-E-Mail mit den Sitzungsdetails. Wir freuen uns darauf, Sie bei der Optimierung Ihrer Leistungstests mit LoadView zu unterst\u00fctzen. <\/p>\n[\/et_pb_text][\/et_pb_column][et_pb_column _builder_version=&#8221;4.27.0&#8243; _module_preset=&#8221;default&#8221; type=&#8221;1_2&#8243; theme_builder_area=&#8221;post_content&#8221;][et_pb_image src=&#8221;https:\/\/www.loadview-testing.com\/wp-content\/uploads\/professional-support.jpeg&#8221; _builder_version=&#8221;4.27.0&#8243; _module_preset=&#8221;default&#8221; theme_builder_area=&#8221;post_content&#8221; title_text=&#8221;Professional-Support&#8221; border_radii=&#8221;on|10px|10px|10px|10px&#8221; box_shadow_style=&#8221;preset2&#8243; hover_enabled=&#8221;0&#8243; sticky_enabled=&#8221;0&#8243;][\/et_pb_image][\/et_pb_column][\/et_pb_row][et_pb_row _builder_version=&#8221;4.27.0&#8243; _module_preset=&#8221;default&#8221; theme_builder_area=&#8221;post_content&#8221; custom_padding=&#8221;40px||||false|false&#8221; hover_enabled=&#8221;0&#8243; sticky_enabled=&#8221;0&#8243;][et_pb_column _builder_version=&#8221;4.27.0&#8243; _module_preset=&#8221;default&#8221; type=&#8221;4_4&#8243; theme_builder_area=&#8221;post_content&#8221;][et_pb_button button_url=&#8221;https:\/\/userauth.dotcom-monitor.com\/Account\/LoadView-FreeTrialSignUp&#8221; button_text=&#8221;Kostenloser Trail starten&#8221; button_alignment=&#8221;center&#8221; _builder_version=&#8221;4.27.0&#8243; custom_button=&#8221;on&#8221; button_text_size=&#8221;14px&#8221; button_text_color=&#8221;#ffffff&#8221; button_bg_color=&#8221;#FF8000&#8243; button_border_width=&#8221;2px&#8221; button_border_color=&#8221;#FF8000&#8243; button_border_radius=&#8221;6px&#8221; button_font=&#8221;Montserrat|700||on|||||&#8221; button_use_icon=&#8221;off&#8221; custom_padding=&#8221;10px|24px|10px|24px|false|false&#8221; hover_enabled=&#8221;0&#8243; box_shadow_style=&#8221;preset1&#8243; box_shadow_horizontal=&#8221;2px&#8221; box_shadow_vertical=&#8221;4px&#8221; box_shadow_blur=&#8221;8px&#8221; box_shadow_color=&#8221;rgba(0,0,0,0.2)&#8221; button_border_color_hover=&#8221;#74ffda&#8221; button_bg_color_hover=&#8221;#74ffda&#8221; global_colors_info=&#8221;{}&#8221; button_text_size__hover_enabled=&#8221;off&#8221; button_one_text_size__hover_enabled=&#8221;off&#8221; button_two_text_size__hover_enabled=&#8221;off&#8221; button_text_color__hover_enabled=&#8221;off&#8221; button_one_text_color__hover_enabled=&#8221;off&#8221; button_two_text_color__hover_enabled=&#8221;off&#8221; button_border_width__hover_enabled=&#8221;off&#8221; button_one_border_width__hover_enabled=&#8221;off&#8221; button_two_border_width__hover_enabled=&#8221;off&#8221; button_border_color__hover_enabled=&#8221;on&#8221; button_border_color__hover=&#8221;#ffffff&#8221; button_one_border_color__hover_enabled=&#8221;off&#8221; button_two_border_color__hover_enabled=&#8221;off&#8221; button_border_radius__hover_enabled=&#8221;off&#8221; button_one_border_radius__hover_enabled=&#8221;off&#8221; button_two_border_radius__hover_enabled=&#8221;off&#8221; button_letter_spacing__hover_enabled=&#8221;off&#8221; button_one_letter_spacing__hover_enabled=&#8221;off&#8221; button_two_letter_spacing__hover_enabled=&#8221;off&#8221; button_bg_color__hover_enabled=&#8221;on&#8221; button_bg_color__hover=&#8221;#ff8c19&#8243; button_one_bg_color__hover_enabled=&#8221;off&#8221; button_two_bg_color__hover_enabled=&#8221;off&#8221; locked=&#8221;off&#8221; theme_builder_area=&#8221;post_content&#8221; sticky_enabled=&#8221;0&#8243; custom_margin=&#8221;||50px||false|false&#8221;][\/et_pb_button][et_pb_text _builder_version=&#8221;4.27.0&#8243; _module_preset=&#8221;default&#8221; theme_builder_area=&#8221;post_content&#8221; hover_enabled=&#8221;0&#8243; sticky_enabled=&#8221;0&#8243; text_font_size=&#8221;18px&#8221;]\n<p><strong>M\u00f6chten Sie LoadView vor Ihrer Sitzung erkunden?<\/strong><\/p>\n<p>Wenn Sie es noch nicht getan haben, <a href=\"https:\/\/userauth.dotcom-monitor.com\/Account\/LoadView-FreeTrialSignUp\">melden Sie sich f\u00fcr eine kostenlose Testversion an<\/a> und experimentieren Sie mit den Funktionen von LoadView. Dies verschafft Ihnen einen Vorsprung vor Ihrer Demo. <\/p>\n<p><strong>Ben\u00f6tigen Sie sofortige Hilfe?<\/strong><\/p>\n<p>Kontaktieren Sie uns unter <a href=\"mailto:support@loadview-testing.com\">support@loadview-testing.com<\/a><\/p>\n[\/et_pb_text][\/et_pb_column][\/et_pb_row][\/et_pb_section]\n","protected":false},"excerpt":{"rendered":"<p>Vielen Dank, dass Sie Ihre kostenlose LoadView-Onboarding-Sitzung geplant haben!Ihre Einzelsitzung mit einem Performance Engineer wird best\u00e4tigt.Was Sie erwartet: Eine detaillierte exemplarische Vorgehensweise zu den Funktionen und Funktionen von LoadView Personalisierte Anleitung zu Skripterstellung, Einrichtung und Ausf\u00fchrung Unterst\u00fctzung bei Leistungstests, die auf Ihre Bed\u00fcrfnisse zugeschnitten sind N\u00e4chste Schritte: \u00dcberpr\u00fcfen Sie Ihren Posteingang auf eine Best\u00e4tigungs-E-Mail mit [&hellip;]<\/p>\n","protected":false},"author":2,"featured_media":0,"parent":8494,"menu_order":0,"comment_status":"closed","ping_status":"closed","template":"","meta":{"_et_pb_use_builder":"on","_et_pb_old_content":"","_et_gb_content_width":"","footnotes":""},"class_list":["post-86437","page","type-page","status-publish","hentry"],"yoast_head":"<!-- This site is optimized with the Yoast SEO plugin v27.1.1 - https:\/\/yoast.com\/product\/yoast-seo-wordpress\/ -->\n<title>Vielen Dank, dass Sie Ihre kostenlose Onboarding-Sitzung geplant haben! - LoadView<\/title>\n<meta name=\"robots\" content=\"index, follow, max-snippet:-1, max-image-preview:large, max-video-preview:-1\" \/>\n<link rel=\"canonical\" href=\"https:\/\/www.loadview-testing.com\/de\/demo\/vielen-dank-dass-sie-ihre-kostenlose-onboarding-sitzung-geplant-haben\/\" \/>\n<meta property=\"og:locale\" content=\"de_DE\" \/>\n<meta property=\"og:type\" content=\"article\" \/>\n<meta property=\"og:title\" content=\"Vielen Dank, dass Sie Ihre kostenlose Onboarding-Sitzung geplant haben! - LoadView\" \/>\n<meta property=\"og:description\" content=\"Vielen Dank, dass Sie Ihre kostenlose LoadView-Onboarding-Sitzung geplant haben!Ihre Einzelsitzung mit einem Performance Engineer wird best\u00e4tigt.Was Sie erwartet: Eine detaillierte exemplarische Vorgehensweise zu den Funktionen und Funktionen von LoadView Personalisierte Anleitung zu Skripterstellung, Einrichtung und Ausf\u00fchrung Unterst\u00fctzung bei Leistungstests, die auf Ihre Bed\u00fcrfnisse zugeschnitten sind N\u00e4chste Schritte: \u00dcberpr\u00fcfen Sie Ihren Posteingang auf eine Best\u00e4tigungs-E-Mail mit [&hellip;]\" \/>\n<meta property=\"og:url\" content=\"https:\/\/www.loadview-testing.com\/de\/demo\/vielen-dank-dass-sie-ihre-kostenlose-onboarding-sitzung-geplant-haben\/\" \/>\n<meta property=\"og:site_name\" content=\"LoadView\" \/>\n<meta property=\"article:publisher\" content=\"https:\/\/www.facebook.com\/dotcommonitor\" \/>\n<meta property=\"article:modified_time\" content=\"2024-10-09T17:02:12+00:00\" \/>\n<meta property=\"og:image\" content=\"https:\/\/www.loadview-testing.com\/wp-content\/uploads\/loadview-load-testing.png\" \/>\n\t<meta property=\"og:image:width\" content=\"1345\" \/>\n\t<meta property=\"og:image:height\" content=\"924\" \/>\n\t<meta property=\"og:image:type\" content=\"image\/png\" \/>\n<meta name=\"twitter:card\" content=\"summary_large_image\" \/>\n<meta name=\"twitter:site\" content=\"@loadviewtesting\" \/>\n<meta name=\"twitter:label1\" content=\"Gesch\u00e4tzte Lesezeit\" \/>\n\t<meta name=\"twitter:data1\" content=\"5\u00a0Minuten\" \/>\n<script type=\"application\/ld+json\" class=\"yoast-schema-graph\">{\"@context\":\"https:\/\/schema.org\",\"@graph\":[{\"@type\":\"WebPage\",\"@id\":\"https:\/\/www.loadview-testing.com\/de\/demo\/vielen-dank-dass-sie-ihre-kostenlose-onboarding-sitzung-geplant-haben\/\",\"url\":\"https:\/\/www.loadview-testing.com\/de\/demo\/vielen-dank-dass-sie-ihre-kostenlose-onboarding-sitzung-geplant-haben\/\",\"name\":\"Vielen Dank, dass Sie Ihre kostenlose Onboarding-Sitzung geplant haben! - LoadView\",\"isPartOf\":{\"@id\":\"https:\/\/www.loadview-testing.com\/de\/#website\"},\"datePublished\":\"2024-10-09T17:02:11+00:00\",\"dateModified\":\"2024-10-09T17:02:12+00:00\",\"breadcrumb\":{\"@id\":\"https:\/\/www.loadview-testing.com\/de\/demo\/vielen-dank-dass-sie-ihre-kostenlose-onboarding-sitzung-geplant-haben\/#breadcrumb\"},\"inLanguage\":\"de\",\"potentialAction\":[{\"@type\":\"ReadAction\",\"target\":[\"https:\/\/www.loadview-testing.com\/de\/demo\/vielen-dank-dass-sie-ihre-kostenlose-onboarding-sitzung-geplant-haben\/\"]}]},{\"@type\":\"BreadcrumbList\",\"@id\":\"https:\/\/www.loadview-testing.com\/de\/demo\/vielen-dank-dass-sie-ihre-kostenlose-onboarding-sitzung-geplant-haben\/#breadcrumb\",\"itemListElement\":[{\"@type\":\"ListItem\",\"position\":1,\"name\":\"Home\",\"item\":\"https:\/\/www.loadview-testing.com\/de\/\"},{\"@type\":\"ListItem\",\"position\":2,\"name\":\"Demo\",\"item\":\"https:\/\/www.loadview-testing.com\/de\/demo\/\"},{\"@type\":\"ListItem\",\"position\":3,\"name\":\"Vielen Dank, dass Sie Ihre kostenlose Onboarding-Sitzung geplant haben!\"}]},{\"@type\":\"WebSite\",\"@id\":\"https:\/\/www.loadview-testing.com\/de\/#website\",\"url\":\"https:\/\/www.loadview-testing.com\/de\/\",\"name\":\"LoadView\",\"description\":\"\",\"publisher\":{\"@id\":\"https:\/\/www.loadview-testing.com\/de\/#organization\"},\"potentialAction\":[{\"@type\":\"SearchAction\",\"target\":{\"@type\":\"EntryPoint\",\"urlTemplate\":\"https:\/\/www.loadview-testing.com\/de\/?s={search_term_string}\"},\"query-input\":{\"@type\":\"PropertyValueSpecification\",\"valueRequired\":true,\"valueName\":\"search_term_string\"}}],\"inLanguage\":\"de\"},{\"@type\":\"Organization\",\"@id\":\"https:\/\/www.loadview-testing.com\/de\/#organization\",\"name\":\"LoadView by Dotcom-Monitor\",\"url\":\"https:\/\/www.loadview-testing.com\/de\/\",\"logo\":{\"@type\":\"ImageObject\",\"inLanguage\":\"de\",\"@id\":\"https:\/\/www.loadview-testing.com\/de\/#\/schema\/logo\/image\/\",\"url\":\"https:\/\/www.loadview-testing.com\/wp-content\/uploads\/LoadView-logo-alt.svg\",\"contentUrl\":\"https:\/\/www.loadview-testing.com\/wp-content\/uploads\/LoadView-logo-alt.svg\",\"width\":455,\"height\":121,\"caption\":\"LoadView by Dotcom-Monitor\"},\"image\":{\"@id\":\"https:\/\/www.loadview-testing.com\/de\/#\/schema\/logo\/image\/\"},\"sameAs\":[\"https:\/\/www.facebook.com\/dotcommonitor\",\"https:\/\/x.com\/loadviewtesting\",\"https:\/\/www.linkedin.com\/company\/dotcom-monitor\",\"https:\/\/www.youtube.com\/user\/DotcomMonitor\"]}]}<\/script>\n<!-- \/ Yoast SEO plugin. -->","yoast_head_json":{"title":"Vielen Dank, dass Sie Ihre kostenlose Onboarding-Sitzung geplant haben! - LoadView","robots":{"index":"index","follow":"follow","max-snippet":"max-snippet:-1","max-image-preview":"max-image-preview:large","max-video-preview":"max-video-preview:-1"},"canonical":"https:\/\/www.loadview-testing.com\/de\/demo\/vielen-dank-dass-sie-ihre-kostenlose-onboarding-sitzung-geplant-haben\/","og_locale":"de_DE","og_type":"article","og_title":"Vielen Dank, dass Sie Ihre kostenlose Onboarding-Sitzung geplant haben! - LoadView","og_description":"Vielen Dank, dass Sie Ihre kostenlose LoadView-Onboarding-Sitzung geplant haben!Ihre Einzelsitzung mit einem Performance Engineer wird best\u00e4tigt.Was Sie erwartet: Eine detaillierte exemplarische Vorgehensweise zu den Funktionen und Funktionen von LoadView Personalisierte Anleitung zu Skripterstellung, Einrichtung und Ausf\u00fchrung Unterst\u00fctzung bei Leistungstests, die auf Ihre Bed\u00fcrfnisse zugeschnitten sind N\u00e4chste Schritte: \u00dcberpr\u00fcfen Sie Ihren Posteingang auf eine Best\u00e4tigungs-E-Mail mit [&hellip;]","og_url":"https:\/\/www.loadview-testing.com\/de\/demo\/vielen-dank-dass-sie-ihre-kostenlose-onboarding-sitzung-geplant-haben\/","og_site_name":"LoadView","article_publisher":"https:\/\/www.facebook.com\/dotcommonitor","article_modified_time":"2024-10-09T17:02:12+00:00","og_image":[{"width":1345,"height":924,"url":"https:\/\/www.loadview-testing.com\/wp-content\/uploads\/loadview-load-testing.png","type":"image\/png"}],"twitter_card":"summary_large_image","twitter_site":"@loadviewtesting","twitter_misc":{"Gesch\u00e4tzte Lesezeit":"5\u00a0Minuten"},"schema":{"@context":"https:\/\/schema.org","@graph":[{"@type":"WebPage","@id":"https:\/\/www.loadview-testing.com\/de\/demo\/vielen-dank-dass-sie-ihre-kostenlose-onboarding-sitzung-geplant-haben\/","url":"https:\/\/www.loadview-testing.com\/de\/demo\/vielen-dank-dass-sie-ihre-kostenlose-onboarding-sitzung-geplant-haben\/","name":"Vielen Dank, dass Sie Ihre kostenlose Onboarding-Sitzung geplant haben! - LoadView","isPartOf":{"@id":"https:\/\/www.loadview-testing.com\/de\/#website"},"datePublished":"2024-10-09T17:02:11+00:00","dateModified":"2024-10-09T17:02:12+00:00","breadcrumb":{"@id":"https:\/\/www.loadview-testing.com\/de\/demo\/vielen-dank-dass-sie-ihre-kostenlose-onboarding-sitzung-geplant-haben\/#breadcrumb"},"inLanguage":"de","potentialAction":[{"@type":"ReadAction","target":["https:\/\/www.loadview-testing.com\/de\/demo\/vielen-dank-dass-sie-ihre-kostenlose-onboarding-sitzung-geplant-haben\/"]}]},{"@type":"BreadcrumbList","@id":"https:\/\/www.loadview-testing.com\/de\/demo\/vielen-dank-dass-sie-ihre-kostenlose-onboarding-sitzung-geplant-haben\/#breadcrumb","itemListElement":[{"@type":"ListItem","position":1,"name":"Home","item":"https:\/\/www.loadview-testing.com\/de\/"},{"@type":"ListItem","position":2,"name":"Demo","item":"https:\/\/www.loadview-testing.com\/de\/demo\/"},{"@type":"ListItem","position":3,"name":"Vielen Dank, dass Sie Ihre kostenlose Onboarding-Sitzung geplant haben!"}]},{"@type":"WebSite","@id":"https:\/\/www.loadview-testing.com\/de\/#website","url":"https:\/\/www.loadview-testing.com\/de\/","name":"LoadView","description":"","publisher":{"@id":"https:\/\/www.loadview-testing.com\/de\/#organization"},"potentialAction":[{"@type":"SearchAction","target":{"@type":"EntryPoint","urlTemplate":"https:\/\/www.loadview-testing.com\/de\/?s={search_term_string}"},"query-input":{"@type":"PropertyValueSpecification","valueRequired":true,"valueName":"search_term_string"}}],"inLanguage":"de"},{"@type":"Organization","@id":"https:\/\/www.loadview-testing.com\/de\/#organization","name":"LoadView by Dotcom-Monitor","url":"https:\/\/www.loadview-testing.com\/de\/","logo":{"@type":"ImageObject","inLanguage":"de","@id":"https:\/\/www.loadview-testing.com\/de\/#\/schema\/logo\/image\/","url":"https:\/\/www.loadview-testing.com\/wp-content\/uploads\/LoadView-logo-alt.svg","contentUrl":"https:\/\/www.loadview-testing.com\/wp-content\/uploads\/LoadView-logo-alt.svg","width":455,"height":121,"caption":"LoadView by Dotcom-Monitor"},"image":{"@id":"https:\/\/www.loadview-testing.com\/de\/#\/schema\/logo\/image\/"},"sameAs":["https:\/\/www.facebook.com\/dotcommonitor","https:\/\/x.com\/loadviewtesting","https:\/\/www.linkedin.com\/company\/dotcom-monitor","https:\/\/www.youtube.com\/user\/DotcomMonitor"]}]}},"_links":{"self":[{"href":"https:\/\/www.loadview-testing.com\/de\/wp-json\/wp\/v2\/pages\/86437","targetHints":{"allow":["GET"]}}],"collection":[{"href":"https:\/\/www.loadview-testing.com\/de\/wp-json\/wp\/v2\/pages"}],"about":[{"href":"https:\/\/www.loadview-testing.com\/de\/wp-json\/wp\/v2\/types\/page"}],"author":[{"embeddable":true,"href":"https:\/\/www.loadview-testing.com\/de\/wp-json\/wp\/v2\/users\/2"}],"replies":[{"embeddable":true,"href":"https:\/\/www.loadview-testing.com\/de\/wp-json\/wp\/v2\/comments?post=86437"}],"version-history":[{"count":2,"href":"https:\/\/www.loadview-testing.com\/de\/wp-json\/wp\/v2\/pages\/86437\/revisions"}],"predecessor-version":[{"id":86442,"href":"https:\/\/www.loadview-testing.com\/de\/wp-json\/wp\/v2\/pages\/86437\/revisions\/86442"}],"up":[{"embeddable":true,"href":"https:\/\/www.loadview-testing.com\/de\/wp-json\/wp\/v2\/pages\/8494"}],"wp:attachment":[{"href":"https:\/\/www.loadview-testing.com\/de\/wp-json\/wp\/v2\/media?parent=86437"}],"curies":[{"name":"wp","href":"https:\/\/api.w.org\/{rel}","templated":true}]}}