{"id":87453,"date":"2024-11-14T12:57:54","date_gmt":"2024-11-14T18:57:54","guid":{"rendered":"https:\/\/www.loadview-testing.com\/chat-en-vivo\/"},"modified":"2026-04-14T05:55:07","modified_gmt":"2026-04-14T10:55:07","slug":"chat-en-vivo","status":"publish","type":"page","link":"https:\/\/www.loadview-testing.com\/es\/chat-en-vivo\/","title":{"rendered":"Chat en Vivo"},"content":{"rendered":"[et_pb_section fb_built=&#8221;1&#8243; custom_padding_last_edited=&#8221;on|phone&#8221; admin_label=&#8221;Contact hero&#8221; _builder_version=&#8221;4.27.0&#8243; use_background_color_gradient=&#8221;on&#8221; background_color_gradient_direction=&#8221;160deg&#8221; background_color_gradient_stops=&#8221;#2e39bf 66%|#252eb0 66%&#8221; background_color_gradient_start=&#8221;#2e39bf&#8221; background_color_gradient_start_position=&#8221;66%&#8221; background_color_gradient_end=&#8221;#252eb0&#8243; background_color_gradient_end_position=&#8221;0%&#8221; background_blend=&#8221;overlay&#8221; custom_margin=&#8221;||0px&#8221; custom_padding=&#8221;4em||3em||false|false&#8221; custom_padding_tablet=&#8221;0em||||false|false&#8221; custom_padding_phone=&#8221;2em||3em||false|false&#8221; animation_style=&#8221;slide&#8221; animation_direction=&#8221;top&#8221; animation_intensity_slide=&#8221;2%&#8221; locked=&#8221;off&#8221; global_colors_info=&#8221;{}&#8221;][et_pb_row custom_padding_last_edited=&#8221;on|phone&#8221; _builder_version=&#8221;4.27.0&#8243; custom_margin=&#8221;|||&#8221; custom_margin_tablet=&#8221;|||&#8221; custom_margin_phone=&#8221;0px||||false|false&#8221; custom_margin_last_edited=&#8221;on|phone&#8221; custom_padding=&#8221;||60px|&#8221; custom_padding_tablet=&#8221;||60px|&#8221; custom_padding_phone=&#8221;0px||60px||false|false&#8221; custom_width_px=&#8221;1280px&#8221; global_colors_info=&#8221;{}&#8221;][et_pb_column type=&#8221;4_4&#8243; _builder_version=&#8221;4.16&#8243; custom_padding=&#8221;|||&#8221; global_colors_info=&#8221;{}&#8221; custom_padding__hover=&#8221;|||&#8221;][et_pb_text _builder_version=&#8221;4.27.0&#8243; header_font=&#8221;|on|||&#8221; header_font_size=&#8221;42px&#8221; header_line_height=&#8221;1.3em&#8221; text_orientation=&#8221;center&#8221; background_layout=&#8221;dark&#8221; module_alignment=&#8221;center&#8221; custom_margin=&#8221;||15px||false|false&#8221; custom_padding=&#8221;|||&#8221; header_font_size_tablet=&#8221;&#8221; header_font_size_phone=&#8221;25px&#8221; header_font_size_last_edited=&#8221;on|desktop&#8221; locked=&#8221;off&#8221; global_colors_info=&#8221;{}&#8221;]\n<h1 id='chatea-en-vivo-con-expertos-de-loadview'  id=\"boomdevs_1\">\u00a1Chatea en vivo con expertos de LoadView!<\/h1>\n[\/et_pb_text][et_pb_text _builder_version=&#8221;4.27.0&#8243; text_font=&#8221;|600|||||||&#8221; text_font_size=&#8221;20px&#8221; header_font=&#8221;|on|||&#8221; header_font_size=&#8221;42px&#8221; header_line_height=&#8221;1.3em&#8221; text_orientation=&#8221;center&#8221; background_layout=&#8221;dark&#8221; module_alignment=&#8221;center&#8221; custom_margin=&#8221;||15px||false|false&#8221; custom_padding=&#8221;|20px||20px|false|false&#8221; custom_padding_tablet=&#8221;|20px||20px|false|false&#8221; custom_padding_phone=&#8221;|20px||20px|false|false&#8221; custom_padding_last_edited=&#8221;on|phone&#8221; header_font_size_tablet=&#8221;&#8221; header_font_size_phone=&#8221;&#8221; header_font_size_last_edited=&#8221;on|desktop&#8221; locked=&#8221;off&#8221; global_colors_info=&#8221;{}&#8221;]\n<p>Acceso 24\/7 a profesionales para todas sus necesidades de pruebas de carga<\/p>\n[\/et_pb_text][et_pb_text _builder_version=&#8221;4.27.0&#8243; text_text_color=&#8221;#d4ccff&#8221; text_font_size=&#8221;18px&#8221; text_line_height=&#8221;1.8em&#8221; max_width=&#8221;90%&#8221; module_alignment=&#8221;center&#8221; custom_padding=&#8221;15px||||false|false&#8221; locked=&#8221;off&#8221; global_colors_info=&#8221;{}&#8221;]Nuestro amable equipo de soporte de LoadView est\u00e1 disponible <strong>24\/7\/365<\/strong> y listo para ayudarte con cualquier pregunta o problema. Ya sea que est\u00e9s configurando pruebas de carga, solucionando un problema o explorando nuestras funciones, estamos aqu\u00ed para brindarte soporte r\u00e1pido y en tiempo real.<\/p>\n<p>Para respuestas r\u00e1pidas por tu cuenta, si\u00e9ntete libre de explorar nuestra <span style=\"text-decoration: underline\"><strong><span style=\"color: #ffffff;text-decoration: underline\"><a href=\"https:\/\/www.dotcom-monitor.com\/wiki\/knowledge-base-category\/stress-testing\/\" target=\"_blank\" rel=\"noopener\" style=\"color: #ffffff;text-decoration: underline\">Base de Conocimientos<\/a><\/span><\/strong><\/span>, donde encontrar\u00e1s art\u00edculos \u00fatiles, preguntas frecuentes y tutoriales que te guiar\u00e1n en cada paso del proceso.[\/et_pb_text][\/et_pb_column][\/et_pb_row][\/et_pb_section][et_pb_section fb_built=&#8221;1&#8243; custom_padding_last_edited=&#8221;on|phone&#8221; disabled_on=&#8221;off|off|off&#8221; _builder_version=&#8221;4.27.0&#8243; background_color=&#8221;#F4F3F8&#8243; custom_margin_tablet=&#8221;&#8221; custom_margin_phone=&#8221;|0px||0px|false|false&#8221; custom_margin_last_edited=&#8221;on|phone&#8221; custom_padding=&#8221;6em||6em||false|false&#8221; custom_padding_tablet=&#8221;6em||6em||false|false&#8221; custom_padding_phone=&#8221;6em|0px|6em|0px|false|false&#8221; global_colors_info=&#8221;{}&#8221;][et_pb_row use_custom_gutter=&#8221;on&#8221; gutter_width=&#8221;1&#8243; make_equal=&#8221;on&#8221; admin_label=&#8221;Informaci\u00f3n de contacto&#8221; _builder_version=&#8221;4.27.0&#8243; background_color=&#8221;#ffffff&#8221; max_width=&#8221;660px&#8221; custom_padding=&#8221;0px|0px|0px|0px&#8221; animation_style=&#8221;zoom&#8221; animation_intensity_zoom=&#8221;10%&#8221; animation_starting_opacity=&#8221;100%&#8221; border_radii=&#8221;on|10px|10px|10px|10px&#8221; box_shadow_style=&#8221;preset1&#8243; box_shadow_vertical=&#8221;10px&#8221; box_shadow_blur=&#8221;60px&#8221; box_shadow_color=&#8221;rgba(71,74,182,0.12)&#8221; global_colors_info=&#8221;{}&#8221;][et_pb_column type=&#8221;4_4&#8243; _builder_version=&#8221;4.16&#8243; custom_padding=&#8221;60px|40px|60px|40px&#8221; global_colors_info=&#8221;{}&#8221; custom_padding__hover=&#8221;|||&#8221;][et_pb_code _builder_version=&#8221;4.27.6&#8243; _module_preset=&#8221;default&#8221; hover_enabled=&#8221;0&#8243; global_colors_info=&#8221;{}&#8221; sticky_enabled=&#8221;0&#8243;]\n<div style=\"display: flex; justify-content: center; align-items: center; height: 100%;\"><!-- [et_pb_line_break_holder] --><\/p>\n<div id=\"tawk_66f2d791e5982d6c7bb3994c\"><\/div>\n<p><!-- [et_pb_line_break_holder] --><\/div>\n<p><!-- [et_pb_line_break_holder] --> <!-- [et_pb_line_break_holder] --><script type=\"text\/javascript\"><!-- [et_pb_line_break_holder] --><!-- [et_pb_line_break_holder] -->    var Tawk_API = Tawk_API || {};<!-- [et_pb_line_break_holder] --><!-- [et_pb_line_break_holder] -->    var Tawk_LoadStart = new Date();<!-- [et_pb_line_break_holder] --><!-- [et_pb_line_break_holder] -->    Tawk_API.embedded = \"tawk_66f2d791e5982d6c7bb3994c\";<!-- [et_pb_line_break_holder] --> <!-- [et_pb_line_break_holder] -->    (function () {<!-- [et_pb_line_break_holder] --><!-- [et_pb_line_break_holder] -->        var s1 = document.createElement(\"script\");<!-- [et_pb_line_break_holder] --><!-- [et_pb_line_break_holder] -->        var s0 = document.getElementsByTagName(\"script\")[0];<!-- [et_pb_line_break_holder] --><!-- [et_pb_line_break_holder] -->        s1.src = \"https:\/\/embed.tawk.to\/66f2d791e5982d6c7bb3994c\/1iclgblrq\";<!-- [et_pb_line_break_holder] --><!-- [et_pb_line_break_holder] -->        s1.async = true;<!-- [et_pb_line_break_holder] --><!-- [et_pb_line_break_holder] -->        s1.charset = \"UTF-8\";<!-- [et_pb_line_break_holder] --><!-- [et_pb_line_break_holder] -->        s1.setAttribute(\"crossorigin\", \"*\");<!-- [et_pb_line_break_holder] --><!-- [et_pb_line_break_holder] -->        s0.parentNode.insertBefore(s1, s0);<!-- [et_pb_line_break_holder] --><!-- [et_pb_line_break_holder] -->    })();<!-- [et_pb_line_break_holder] --><\/script>[\/et_pb_code][\/et_pb_column][\/et_pb_row][\/et_pb_section]\n","protected":false},"excerpt":{"rendered":"<p>\u00a1Chatea en vivo con expertos de LoadView!Acceso 24\/7 a profesionales para todas sus necesidades de pruebas de cargaNuestro amable equipo de soporte de LoadView est\u00e1 disponible 24\/7\/365 y listo para ayudarte con cualquier pregunta o problema. Ya sea que est\u00e9s configurando pruebas de carga, solucionando un problema o explorando nuestras funciones, estamos aqu\u00ed para brindarte [&hellip;]<\/p>\n","protected":false},"author":2,"featured_media":0,"parent":0,"menu_order":0,"comment_status":"closed","ping_status":"closed","template":"","meta":{"_et_pb_use_builder":"on","_et_pb_old_content":"","_et_gb_content_width":"","footnotes":""},"class_list":["post-87453","page","type-page","status-publish","hentry"],"yoast_head":"<!-- This site is optimized with the Yoast SEO plugin v27.1.1 - https:\/\/yoast.com\/product\/yoast-seo-wordpress\/ -->\n<title>Chat en vivo - Soporte de pruebas de carga 24\/7 de LoadView<\/title>\n<meta name=\"description\" content=\"El equipo de LoadView ofrece soporte 24\/7. Nuestros ingenieros de rendimiento est\u00e1n disponibles para guiarte durante el proceso de configuraci\u00f3n, scripting y pruebas.\" \/>\n<meta name=\"robots\" content=\"index, follow, max-snippet:-1, max-image-preview:large, max-video-preview:-1\" \/>\n<link rel=\"canonical\" href=\"https:\/\/www.loadview-testing.com\/es\/chat-en-vivo\/\" \/>\n<meta property=\"og:locale\" content=\"es_ES\" \/>\n<meta property=\"og:type\" content=\"article\" \/>\n<meta property=\"og:title\" content=\"Chat en vivo - Soporte de pruebas de carga 24\/7 de LoadView\" \/>\n<meta property=\"og:description\" content=\"El equipo de LoadView ofrece soporte 24\/7. Nuestros ingenieros de rendimiento est\u00e1n disponibles para guiarte durante el proceso de configuraci\u00f3n, scripting y pruebas.\" \/>\n<meta property=\"og:url\" content=\"https:\/\/www.loadview-testing.com\/es\/chat-en-vivo\/\" \/>\n<meta property=\"og:site_name\" content=\"LoadView\" \/>\n<meta property=\"article:publisher\" content=\"https:\/\/www.facebook.com\/dotcommonitor\" \/>\n<meta property=\"article:modified_time\" content=\"2026-04-14T10:55:07+00:00\" \/>\n<meta property=\"og:image\" content=\"https:\/\/www.loadview-testing.com\/wp-content\/uploads\/loadview-load-testing.png\" \/>\n\t<meta property=\"og:image:width\" content=\"1345\" \/>\n\t<meta property=\"og:image:height\" content=\"924\" \/>\n\t<meta property=\"og:image:type\" content=\"image\/png\" \/>\n<meta name=\"twitter:card\" content=\"summary_large_image\" \/>\n<meta name=\"twitter:site\" content=\"@loadviewtesting\" \/>\n<meta name=\"twitter:label1\" content=\"Tiempo de lectura\" \/>\n\t<meta name=\"twitter:data1\" content=\"3 minutos\" \/>\n<script type=\"application\/ld+json\" class=\"yoast-schema-graph\">{\"@context\":\"https:\/\/schema.org\",\"@graph\":[{\"@type\":\"WebPage\",\"@id\":\"https:\/\/www.loadview-testing.com\/es\/chat-en-vivo\/\",\"url\":\"https:\/\/www.loadview-testing.com\/es\/chat-en-vivo\/\",\"name\":\"Chat en vivo - Soporte de pruebas de carga 24\/7 de LoadView\",\"isPartOf\":{\"@id\":\"https:\/\/www.loadview-testing.com\/es\/#website\"},\"datePublished\":\"2024-11-14T18:57:54+00:00\",\"dateModified\":\"2026-04-14T10:55:07+00:00\",\"description\":\"El equipo de LoadView ofrece soporte 24\/7. Nuestros ingenieros de rendimiento est\u00e1n disponibles para guiarte durante el proceso de configuraci\u00f3n, scripting y pruebas.\",\"breadcrumb\":{\"@id\":\"https:\/\/www.loadview-testing.com\/es\/chat-en-vivo\/#breadcrumb\"},\"inLanguage\":\"es\",\"potentialAction\":[{\"@type\":\"ReadAction\",\"target\":[\"https:\/\/www.loadview-testing.com\/es\/chat-en-vivo\/\"]}]},{\"@type\":\"BreadcrumbList\",\"@id\":\"https:\/\/www.loadview-testing.com\/es\/chat-en-vivo\/#breadcrumb\",\"itemListElement\":[{\"@type\":\"ListItem\",\"position\":1,\"name\":\"Home\",\"item\":\"https:\/\/www.loadview-testing.com\/es\/\"},{\"@type\":\"ListItem\",\"position\":2,\"name\":\"Chat en Vivo\"}]},{\"@type\":\"WebSite\",\"@id\":\"https:\/\/www.loadview-testing.com\/es\/#website\",\"url\":\"https:\/\/www.loadview-testing.com\/es\/\",\"name\":\"LoadView\",\"description\":\"\",\"publisher\":{\"@id\":\"https:\/\/www.loadview-testing.com\/es\/#organization\"},\"potentialAction\":[{\"@type\":\"SearchAction\",\"target\":{\"@type\":\"EntryPoint\",\"urlTemplate\":\"https:\/\/www.loadview-testing.com\/es\/?s={search_term_string}\"},\"query-input\":{\"@type\":\"PropertyValueSpecification\",\"valueRequired\":true,\"valueName\":\"search_term_string\"}}],\"inLanguage\":\"es\"},{\"@type\":\"Organization\",\"@id\":\"https:\/\/www.loadview-testing.com\/es\/#organization\",\"name\":\"LoadView by Dotcom-Monitor\",\"url\":\"https:\/\/www.loadview-testing.com\/es\/\",\"logo\":{\"@type\":\"ImageObject\",\"inLanguage\":\"es\",\"@id\":\"https:\/\/www.loadview-testing.com\/es\/#\/schema\/logo\/image\/\",\"url\":\"https:\/\/www.loadview-testing.com\/wp-content\/uploads\/LoadView-logo-alt.svg\",\"contentUrl\":\"https:\/\/www.loadview-testing.com\/wp-content\/uploads\/LoadView-logo-alt.svg\",\"width\":455,\"height\":121,\"caption\":\"LoadView by Dotcom-Monitor\"},\"image\":{\"@id\":\"https:\/\/www.loadview-testing.com\/es\/#\/schema\/logo\/image\/\"},\"sameAs\":[\"https:\/\/www.facebook.com\/dotcommonitor\",\"https:\/\/x.com\/loadviewtesting\",\"https:\/\/www.linkedin.com\/company\/dotcom-monitor\",\"https:\/\/www.youtube.com\/user\/DotcomMonitor\"]}]}<\/script>\n<!-- \/ Yoast SEO plugin. -->","yoast_head_json":{"title":"Chat en vivo - Soporte de pruebas de carga 24\/7 de LoadView","description":"El equipo de LoadView ofrece soporte 24\/7. Nuestros ingenieros de rendimiento est\u00e1n disponibles para guiarte durante el proceso de configuraci\u00f3n, scripting y pruebas.","robots":{"index":"index","follow":"follow","max-snippet":"max-snippet:-1","max-image-preview":"max-image-preview:large","max-video-preview":"max-video-preview:-1"},"canonical":"https:\/\/www.loadview-testing.com\/es\/chat-en-vivo\/","og_locale":"es_ES","og_type":"article","og_title":"Chat en vivo - Soporte de pruebas de carga 24\/7 de LoadView","og_description":"El equipo de LoadView ofrece soporte 24\/7. Nuestros ingenieros de rendimiento est\u00e1n disponibles para guiarte durante el proceso de configuraci\u00f3n, scripting y pruebas.","og_url":"https:\/\/www.loadview-testing.com\/es\/chat-en-vivo\/","og_site_name":"LoadView","article_publisher":"https:\/\/www.facebook.com\/dotcommonitor","article_modified_time":"2026-04-14T10:55:07+00:00","og_image":[{"width":1345,"height":924,"url":"https:\/\/www.loadview-testing.com\/wp-content\/uploads\/loadview-load-testing.png","type":"image\/png"}],"twitter_card":"summary_large_image","twitter_site":"@loadviewtesting","twitter_misc":{"Tiempo de lectura":"3 minutos"},"schema":{"@context":"https:\/\/schema.org","@graph":[{"@type":"WebPage","@id":"https:\/\/www.loadview-testing.com\/es\/chat-en-vivo\/","url":"https:\/\/www.loadview-testing.com\/es\/chat-en-vivo\/","name":"Chat en vivo - Soporte de pruebas de carga 24\/7 de LoadView","isPartOf":{"@id":"https:\/\/www.loadview-testing.com\/es\/#website"},"datePublished":"2024-11-14T18:57:54+00:00","dateModified":"2026-04-14T10:55:07+00:00","description":"El equipo de LoadView ofrece soporte 24\/7. Nuestros ingenieros de rendimiento est\u00e1n disponibles para guiarte durante el proceso de configuraci\u00f3n, scripting y pruebas.","breadcrumb":{"@id":"https:\/\/www.loadview-testing.com\/es\/chat-en-vivo\/#breadcrumb"},"inLanguage":"es","potentialAction":[{"@type":"ReadAction","target":["https:\/\/www.loadview-testing.com\/es\/chat-en-vivo\/"]}]},{"@type":"BreadcrumbList","@id":"https:\/\/www.loadview-testing.com\/es\/chat-en-vivo\/#breadcrumb","itemListElement":[{"@type":"ListItem","position":1,"name":"Home","item":"https:\/\/www.loadview-testing.com\/es\/"},{"@type":"ListItem","position":2,"name":"Chat en Vivo"}]},{"@type":"WebSite","@id":"https:\/\/www.loadview-testing.com\/es\/#website","url":"https:\/\/www.loadview-testing.com\/es\/","name":"LoadView","description":"","publisher":{"@id":"https:\/\/www.loadview-testing.com\/es\/#organization"},"potentialAction":[{"@type":"SearchAction","target":{"@type":"EntryPoint","urlTemplate":"https:\/\/www.loadview-testing.com\/es\/?s={search_term_string}"},"query-input":{"@type":"PropertyValueSpecification","valueRequired":true,"valueName":"search_term_string"}}],"inLanguage":"es"},{"@type":"Organization","@id":"https:\/\/www.loadview-testing.com\/es\/#organization","name":"LoadView by Dotcom-Monitor","url":"https:\/\/www.loadview-testing.com\/es\/","logo":{"@type":"ImageObject","inLanguage":"es","@id":"https:\/\/www.loadview-testing.com\/es\/#\/schema\/logo\/image\/","url":"https:\/\/www.loadview-testing.com\/wp-content\/uploads\/LoadView-logo-alt.svg","contentUrl":"https:\/\/www.loadview-testing.com\/wp-content\/uploads\/LoadView-logo-alt.svg","width":455,"height":121,"caption":"LoadView by Dotcom-Monitor"},"image":{"@id":"https:\/\/www.loadview-testing.com\/es\/#\/schema\/logo\/image\/"},"sameAs":["https:\/\/www.facebook.com\/dotcommonitor","https:\/\/x.com\/loadviewtesting","https:\/\/www.linkedin.com\/company\/dotcom-monitor","https:\/\/www.youtube.com\/user\/DotcomMonitor"]}]}},"_links":{"self":[{"href":"https:\/\/www.loadview-testing.com\/es\/wp-json\/wp\/v2\/pages\/87453","targetHints":{"allow":["GET"]}}],"collection":[{"href":"https:\/\/www.loadview-testing.com\/es\/wp-json\/wp\/v2\/pages"}],"about":[{"href":"https:\/\/www.loadview-testing.com\/es\/wp-json\/wp\/v2\/types\/page"}],"author":[{"embeddable":true,"href":"https:\/\/www.loadview-testing.com\/es\/wp-json\/wp\/v2\/users\/2"}],"replies":[{"embeddable":true,"href":"https:\/\/www.loadview-testing.com\/es\/wp-json\/wp\/v2\/comments?post=87453"}],"version-history":[{"count":25,"href":"https:\/\/www.loadview-testing.com\/es\/wp-json\/wp\/v2\/pages\/87453\/revisions"}],"predecessor-version":[{"id":98120,"href":"https:\/\/www.loadview-testing.com\/es\/wp-json\/wp\/v2\/pages\/87453\/revisions\/98120"}],"wp:attachment":[{"href":"https:\/\/www.loadview-testing.com\/es\/wp-json\/wp\/v2\/media?parent=87453"}],"curies":[{"name":"wp","href":"https:\/\/api.w.org\/{rel}","templated":true}]}}