{"id":91007,"date":"2025-02-13T09:29:54","date_gmt":"2025-02-13T15:29:54","guid":{"rendered":"https:\/\/www.loadview-testing.com\/demo\/demo-este-2\/"},"modified":"2025-02-13T09:30:11","modified_gmt":"2025-02-13T15:30:11","slug":"demo-este-2","status":"publish","type":"page","link":"https:\/\/www.loadview-testing.com\/es\/demo\/demo-este-2\/","title":{"rendered":"Demo &#8211; Asia Pac\u00edfico"},"content":{"rendered":"[et_pb_section fb_built=&#8221;1&#8243; admin_label=&#8221;Demo Hero&#8221; _builder_version=&#8221;4.16&#8243; use_background_color_gradient=&#8221;on&#8221; background_color_gradient_direction=&#8221;160deg&#8221; background_color_gradient_stops=&#8221;#2e39bf 66%|#252eb0 66%&#8221; background_color_gradient_start=&#8221;#2e39bf&#8221; background_color_gradient_start_position=&#8221;66%&#8221; background_color_gradient_end=&#8221;#252eb0&#8243; background_color_gradient_end_position=&#8221;0%&#8221; background_blend=&#8221;overlay&#8221; custom_margin=&#8221;||0px&#8221; custom_padding=&#8221;4em||4em|&#8221; animation_style=&#8221;slide&#8221; animation_direction=&#8221;top&#8221; animation_intensity_slide=&#8221;2%&#8221; locked=&#8221;off&#8221; global_colors_info=&#8221;{}&#8221;][et_pb_row _builder_version=&#8221;4.16&#8243; custom_margin=&#8221;|||&#8221; custom_padding=&#8221;||60px|&#8221; custom_width_px=&#8221;1280px&#8221; global_colors_info=&#8221;{}&#8221;][et_pb_column type=&#8221;4_4&#8243; _builder_version=&#8221;4.16&#8243; custom_padding=&#8221;|||&#8221; global_colors_info=&#8221;{}&#8221; custom_padding__hover=&#8221;|||&#8221;][et_pb_text admin_label=&#8221;LoadView Live Demos&#8221; _builder_version=&#8221;4.23.4&#8243; header_font=&#8221;|on|||&#8221; header_font_size=&#8221;42px&#8221; header_line_height=&#8221;1.3em&#8221; text_orientation=&#8221;center&#8221; background_layout=&#8221;dark&#8221; module_alignment=&#8221;center&#8221; custom_padding=&#8221;|||&#8221; header_font_size_tablet=&#8221;&#8221; header_font_size_phone=&#8221;&#8221; header_font_size_last_edited=&#8221;on|desktop&#8221; locked=&#8221;off&#8221; global_colors_info=&#8221;{}&#8221;]\n<h1 id='incorporaci\u00f3n-en-vivo-de-loadview'  id=\"boomdevs_1\">Incorporaci\u00f3n en vivo de LoadView<br \/>\n<\/h1>\n<h1 id='programe-una-sesi\u00f3n-de-incorporaci\u00f3n-con-un-ingeniero-de-rendimiento'  id=\"boomdevs_2\"><span style=\"font-size: xx-large;\">Programe una sesi\u00f3n de incorporaci\u00f3n con un ingeniero de rendimiento<br \/>\n<\/span><\/h1>\n[\/et_pb_text][\/et_pb_column][\/et_pb_row][\/et_pb_section][et_pb_section fb_built=&#8221;1&#8243; admin_label=&#8221;Demo Form&#8221; _builder_version=&#8221;4.16&#8243; background_color=&#8221;#F4F3F8&#8243; custom_padding=&#8221;4em||4em&#8221; global_colors_info=&#8221;{}&#8221;][et_pb_row use_custom_gutter=&#8221;on&#8221; gutter_width=&#8221;1&#8243; make_equal=&#8221;on&#8221; admin_label=&#8221;Solicitud de demostraci\u00f3n&#8221; _builder_version=&#8221;4.16&#8243; background_color=&#8221;#ffffff&#8221; custom_padding=&#8221;0px|0px|0px|0px&#8221; animation_style=&#8221;zoom&#8221; animation_intensity_zoom=&#8221;10%&#8221; animation_starting_opacity=&#8221;100%&#8221; border_radii=&#8221;on|10px|10px|10px|10px&#8221; box_shadow_style=&#8221;preset1&#8243; box_shadow_vertical=&#8221;10px&#8221; box_shadow_blur=&#8221;60px&#8221; box_shadow_color=&#8221;rgba(71,74,182,0.12)&#8221; global_colors_info=&#8221;{}&#8221;][et_pb_column type=&#8221;4_4&#8243; _builder_version=&#8221;4.16&#8243; custom_padding=&#8221;60px||60px|&#8221; global_colors_info=&#8221;{}&#8221; custom_padding__hover=&#8221;|||&#8221;][et_pb_text admin_label=&#8221;Schedule a Demo&#8221; _builder_version=&#8221;4.23.4&#8243; text_font=&#8221;||||||||&#8221; header_font=&#8221;||||||||&#8221; header_2_font=&#8221;|700|||||||&#8221; header_2_text_color=&#8221;#7272ff&#8221; header_2_font_size=&#8221;36px&#8221; header_2_line_height=&#8221;1.3em&#8221; custom_margin=&#8221;||20px|&#8221; animation_style=&#8221;slide&#8221; animation_direction=&#8221;bottom&#8221; animation_intensity_slide=&#8221;10%&#8221; locked=&#8221;off&#8221; global_colors_info=&#8221;{}&#8221; header_font_size__hover=&#8221;30px&#8221; header_font_size__hover_enabled=&#8221;30px&#8221; header_letter_spacing__hover=&#8221;0px&#8221; header_letter_spacing__hover_enabled=&#8221;0px&#8221; header_text_shadow_style__hover=&#8221;none&#8221; header_text_shadow_style__hover_enabled=&#8221;none&#8221; header_text_shadow_color__hover=&#8221;rgba(0,0,0,0.4)&#8221; header_text_shadow_color__hover_enabled=&#8221;rgba(0,0,0,0.4)&#8221;]\n<h2 id='programar-la-incorporaci\u00f3n'  id=\"boomdevs_3\" align=\"center\"><span style=\"color: #0e124e;\">Programar la incorporaci\u00f3n<br \/>\n<\/span><\/h2>\n[\/et_pb_text][et_pb_text _builder_version=&#8221;4.16&#8243; text_font=&#8221;||||||||&#8221; text_text_color=&#8221;#000000&#8243; text_line_height=&#8221;1.9em&#8221; header_font=&#8221;||||||||&#8221; text_orientation=&#8221;center&#8221; module_alignment=&#8221;center&#8221; custom_margin=&#8221;|||||&#8221; custom_padding=&#8221;|||0px||&#8221; locked=&#8221;off&#8221; global_colors_info=&#8221;{}&#8221;]Ofrecemos demostraciones privadas para individuos y equipos.<br \/>\nNuestros ingenieros de rendimiento lo guiar\u00e1n a trav\u00e9s del proceso de creaci\u00f3n de scripts, configuraci\u00f3n y ejecuci\u00f3n.<br \/>\nReciba una descripci\u00f3n general completa de la soluci\u00f3n LoadView, sus caracter\u00edsticas y capacidades.[\/et_pb_text][et_pb_text admin_label=&#8221;Demo Code&#8221; _builder_version=&#8221;4.23.4&#8243; text_font=&#8221;||||||||&#8221; text_orientation=&#8221;center&#8221; global_colors_info=&#8221;{}&#8221;]<!-- Calendly inline widget begin --><\/p>\n<div class=\"calendly-inline-widget\" data-url=\"https:\/\/calendly.com\/asia-pacific-middle-east-africa\/discovery-call\" style=\"min-width:320px;height:700px;\"><\/div>\n<p><script type=\"text\/javascript\" src=\"https:\/\/assets.calendly.com\/assets\/external\/widget.js\" async=\"\"><\/script><\/p>\n<p><!-- Calendly inline widget end -->[\/et_pb_text][\/et_pb_column][\/et_pb_row][\/et_pb_section]\n","protected":false},"excerpt":{"rendered":"<p>Incorporaci\u00f3n en vivo de LoadView Programe una sesi\u00f3n de incorporaci\u00f3n con un ingeniero de rendimiento Programar la incorporaci\u00f3n Ofrecemos demostraciones privadas para individuos y equipos. Nuestros ingenieros de rendimiento lo guiar\u00e1n a trav\u00e9s del proceso de creaci\u00f3n de scripts, configuraci\u00f3n y ejecuci\u00f3n. Reciba una descripci\u00f3n general completa de la soluci\u00f3n LoadView, sus caracter\u00edsticas y capacidades.<\/p>\n","protected":false},"author":2,"featured_media":13476,"parent":8069,"menu_order":0,"comment_status":"closed","ping_status":"closed","template":"","meta":{"_et_pb_use_builder":"on","_et_pb_old_content":"","_et_gb_content_width":"","footnotes":""},"class_list":["post-91007","page","type-page","status-publish","has-post-thumbnail","hentry"],"yoast_head":"<!-- This site is optimized with the Yoast SEO plugin v27.1.1 - https:\/\/yoast.com\/product\/yoast-seo-wordpress\/ -->\n<title>Demostraciones en vivo - Equipo de ingenier\u00eda de rendimiento de LoadView<\/title>\n<meta name=\"description\" content=\"Ofrecemos demostraciones 1-on-1 de LoadView, nuestra plataforma de pruebas de carga. Los ingenieros de rendimiento le guiar\u00e1n a trav\u00e9s del producto, las caracter\u00edsticas y las capacidades.\" \/>\n<meta name=\"robots\" content=\"index, follow, max-snippet:-1, max-image-preview:large, max-video-preview:-1\" \/>\n<link rel=\"canonical\" href=\"https:\/\/www.loadview-testing.com\/es\/demo\/demo-este-2\/\" \/>\n<meta property=\"og:locale\" content=\"es_ES\" \/>\n<meta property=\"og:type\" content=\"article\" \/>\n<meta property=\"og:title\" content=\"Demostraciones en vivo - Equipo de ingenier\u00eda de rendimiento de LoadView\" \/>\n<meta property=\"og:description\" content=\"Ofrecemos demostraciones 1-on-1 de LoadView, nuestra plataforma de pruebas de carga. Los ingenieros de rendimiento le guiar\u00e1n a trav\u00e9s del producto, las caracter\u00edsticas y las capacidades.\" \/>\n<meta property=\"og:url\" content=\"https:\/\/www.loadview-testing.com\/es\/demo\/demo-este-2\/\" \/>\n<meta property=\"og:site_name\" content=\"LoadView\" \/>\n<meta property=\"article:publisher\" content=\"https:\/\/www.facebook.com\/dotcommonitor\" \/>\n<meta property=\"article:modified_time\" content=\"2025-02-13T15:30:11+00:00\" \/>\n<meta property=\"og:image\" content=\"https:\/\/www.loadview-testing.com\/wp-content\/uploads\/loadview-load-testing.png\" \/>\n\t<meta property=\"og:image:width\" content=\"1345\" \/>\n\t<meta property=\"og:image:height\" content=\"924\" \/>\n\t<meta property=\"og:image:type\" content=\"image\/png\" \/>\n<meta name=\"twitter:card\" content=\"summary_large_image\" \/>\n<meta name=\"twitter:site\" content=\"@loadviewtesting\" \/>\n<meta name=\"twitter:label1\" content=\"Tiempo de lectura\" \/>\n\t<meta name=\"twitter:data1\" content=\"2 minutos\" \/>\n<script type=\"application\/ld+json\" class=\"yoast-schema-graph\">{\"@context\":\"https:\/\/schema.org\",\"@graph\":[{\"@type\":\"WebPage\",\"@id\":\"https:\/\/www.loadview-testing.com\/es\/demo\/demo-este-2\/\",\"url\":\"https:\/\/www.loadview-testing.com\/es\/demo\/demo-este-2\/\",\"name\":\"Demostraciones en vivo - Equipo de ingenier\u00eda de rendimiento de LoadView\",\"isPartOf\":{\"@id\":\"https:\/\/www.loadview-testing.com\/es\/#website\"},\"primaryImageOfPage\":{\"@id\":\"https:\/\/www.loadview-testing.com\/es\/demo\/demo-este-2\/#primaryimage\"},\"image\":{\"@id\":\"https:\/\/www.loadview-testing.com\/es\/demo\/demo-este-2\/#primaryimage\"},\"thumbnailUrl\":\"https:\/\/www.loadview-testing.com\/wp-content\/uploads\/loadview-load-testing.png\",\"datePublished\":\"2025-02-13T15:29:54+00:00\",\"dateModified\":\"2025-02-13T15:30:11+00:00\",\"description\":\"Ofrecemos demostraciones 1-on-1 de LoadView, nuestra plataforma de pruebas de carga. Los ingenieros de rendimiento le guiar\u00e1n a trav\u00e9s del producto, las caracter\u00edsticas y las capacidades.\",\"breadcrumb\":{\"@id\":\"https:\/\/www.loadview-testing.com\/es\/demo\/demo-este-2\/#breadcrumb\"},\"inLanguage\":\"es\",\"potentialAction\":[{\"@type\":\"ReadAction\",\"target\":[\"https:\/\/www.loadview-testing.com\/es\/demo\/demo-este-2\/\"]}]},{\"@type\":\"ImageObject\",\"inLanguage\":\"es\",\"@id\":\"https:\/\/www.loadview-testing.com\/es\/demo\/demo-este-2\/#primaryimage\",\"url\":\"https:\/\/www.loadview-testing.com\/wp-content\/uploads\/loadview-load-testing.png\",\"contentUrl\":\"https:\/\/www.loadview-testing.com\/wp-content\/uploads\/loadview-load-testing.png\",\"width\":1345,\"height\":924,\"caption\":\"Curvas de carga de pruebas de carga de LoadView\"},{\"@type\":\"BreadcrumbList\",\"@id\":\"https:\/\/www.loadview-testing.com\/es\/demo\/demo-este-2\/#breadcrumb\",\"itemListElement\":[{\"@type\":\"ListItem\",\"position\":1,\"name\":\"Home\",\"item\":\"https:\/\/www.loadview-testing.com\/es\/\"},{\"@type\":\"ListItem\",\"position\":2,\"name\":\"Demo\",\"item\":\"https:\/\/www.loadview-testing.com\/es\/demo\/\"},{\"@type\":\"ListItem\",\"position\":3,\"name\":\"Demo &#8211; Asia Pac\u00edfico\"}]},{\"@type\":\"WebSite\",\"@id\":\"https:\/\/www.loadview-testing.com\/es\/#website\",\"url\":\"https:\/\/www.loadview-testing.com\/es\/\",\"name\":\"LoadView\",\"description\":\"\",\"publisher\":{\"@id\":\"https:\/\/www.loadview-testing.com\/es\/#organization\"},\"potentialAction\":[{\"@type\":\"SearchAction\",\"target\":{\"@type\":\"EntryPoint\",\"urlTemplate\":\"https:\/\/www.loadview-testing.com\/es\/?s={search_term_string}\"},\"query-input\":{\"@type\":\"PropertyValueSpecification\",\"valueRequired\":true,\"valueName\":\"search_term_string\"}}],\"inLanguage\":\"es\"},{\"@type\":\"Organization\",\"@id\":\"https:\/\/www.loadview-testing.com\/es\/#organization\",\"name\":\"LoadView by Dotcom-Monitor\",\"url\":\"https:\/\/www.loadview-testing.com\/es\/\",\"logo\":{\"@type\":\"ImageObject\",\"inLanguage\":\"es\",\"@id\":\"https:\/\/www.loadview-testing.com\/es\/#\/schema\/logo\/image\/\",\"url\":\"https:\/\/www.loadview-testing.com\/wp-content\/uploads\/LoadView-logo-alt.svg\",\"contentUrl\":\"https:\/\/www.loadview-testing.com\/wp-content\/uploads\/LoadView-logo-alt.svg\",\"width\":455,\"height\":121,\"caption\":\"LoadView by Dotcom-Monitor\"},\"image\":{\"@id\":\"https:\/\/www.loadview-testing.com\/es\/#\/schema\/logo\/image\/\"},\"sameAs\":[\"https:\/\/www.facebook.com\/dotcommonitor\",\"https:\/\/x.com\/loadviewtesting\",\"https:\/\/www.linkedin.com\/company\/dotcom-monitor\",\"https:\/\/www.youtube.com\/user\/DotcomMonitor\"]}]}<\/script>\n<!-- \/ Yoast SEO plugin. -->","yoast_head_json":{"title":"Demostraciones en vivo - Equipo de ingenier\u00eda de rendimiento de LoadView","description":"Ofrecemos demostraciones 1-on-1 de LoadView, nuestra plataforma de pruebas de carga. Los ingenieros de rendimiento le guiar\u00e1n a trav\u00e9s del producto, las caracter\u00edsticas y las capacidades.","robots":{"index":"index","follow":"follow","max-snippet":"max-snippet:-1","max-image-preview":"max-image-preview:large","max-video-preview":"max-video-preview:-1"},"canonical":"https:\/\/www.loadview-testing.com\/es\/demo\/demo-este-2\/","og_locale":"es_ES","og_type":"article","og_title":"Demostraciones en vivo - Equipo de ingenier\u00eda de rendimiento de LoadView","og_description":"Ofrecemos demostraciones 1-on-1 de LoadView, nuestra plataforma de pruebas de carga. Los ingenieros de rendimiento le guiar\u00e1n a trav\u00e9s del producto, las caracter\u00edsticas y las capacidades.","og_url":"https:\/\/www.loadview-testing.com\/es\/demo\/demo-este-2\/","og_site_name":"LoadView","article_publisher":"https:\/\/www.facebook.com\/dotcommonitor","article_modified_time":"2025-02-13T15:30:11+00:00","og_image":[{"width":1345,"height":924,"url":"https:\/\/www.loadview-testing.com\/wp-content\/uploads\/loadview-load-testing.png","type":"image\/png"}],"twitter_card":"summary_large_image","twitter_site":"@loadviewtesting","twitter_misc":{"Tiempo de lectura":"2 minutos"},"schema":{"@context":"https:\/\/schema.org","@graph":[{"@type":"WebPage","@id":"https:\/\/www.loadview-testing.com\/es\/demo\/demo-este-2\/","url":"https:\/\/www.loadview-testing.com\/es\/demo\/demo-este-2\/","name":"Demostraciones en vivo - Equipo de ingenier\u00eda de rendimiento de LoadView","isPartOf":{"@id":"https:\/\/www.loadview-testing.com\/es\/#website"},"primaryImageOfPage":{"@id":"https:\/\/www.loadview-testing.com\/es\/demo\/demo-este-2\/#primaryimage"},"image":{"@id":"https:\/\/www.loadview-testing.com\/es\/demo\/demo-este-2\/#primaryimage"},"thumbnailUrl":"https:\/\/www.loadview-testing.com\/wp-content\/uploads\/loadview-load-testing.png","datePublished":"2025-02-13T15:29:54+00:00","dateModified":"2025-02-13T15:30:11+00:00","description":"Ofrecemos demostraciones 1-on-1 de LoadView, nuestra plataforma de pruebas de carga. Los ingenieros de rendimiento le guiar\u00e1n a trav\u00e9s del producto, las caracter\u00edsticas y las capacidades.","breadcrumb":{"@id":"https:\/\/www.loadview-testing.com\/es\/demo\/demo-este-2\/#breadcrumb"},"inLanguage":"es","potentialAction":[{"@type":"ReadAction","target":["https:\/\/www.loadview-testing.com\/es\/demo\/demo-este-2\/"]}]},{"@type":"ImageObject","inLanguage":"es","@id":"https:\/\/www.loadview-testing.com\/es\/demo\/demo-este-2\/#primaryimage","url":"https:\/\/www.loadview-testing.com\/wp-content\/uploads\/loadview-load-testing.png","contentUrl":"https:\/\/www.loadview-testing.com\/wp-content\/uploads\/loadview-load-testing.png","width":1345,"height":924,"caption":"Curvas de carga de pruebas de carga de LoadView"},{"@type":"BreadcrumbList","@id":"https:\/\/www.loadview-testing.com\/es\/demo\/demo-este-2\/#breadcrumb","itemListElement":[{"@type":"ListItem","position":1,"name":"Home","item":"https:\/\/www.loadview-testing.com\/es\/"},{"@type":"ListItem","position":2,"name":"Demo","item":"https:\/\/www.loadview-testing.com\/es\/demo\/"},{"@type":"ListItem","position":3,"name":"Demo &#8211; Asia Pac\u00edfico"}]},{"@type":"WebSite","@id":"https:\/\/www.loadview-testing.com\/es\/#website","url":"https:\/\/www.loadview-testing.com\/es\/","name":"LoadView","description":"","publisher":{"@id":"https:\/\/www.loadview-testing.com\/es\/#organization"},"potentialAction":[{"@type":"SearchAction","target":{"@type":"EntryPoint","urlTemplate":"https:\/\/www.loadview-testing.com\/es\/?s={search_term_string}"},"query-input":{"@type":"PropertyValueSpecification","valueRequired":true,"valueName":"search_term_string"}}],"inLanguage":"es"},{"@type":"Organization","@id":"https:\/\/www.loadview-testing.com\/es\/#organization","name":"LoadView by Dotcom-Monitor","url":"https:\/\/www.loadview-testing.com\/es\/","logo":{"@type":"ImageObject","inLanguage":"es","@id":"https:\/\/www.loadview-testing.com\/es\/#\/schema\/logo\/image\/","url":"https:\/\/www.loadview-testing.com\/wp-content\/uploads\/LoadView-logo-alt.svg","contentUrl":"https:\/\/www.loadview-testing.com\/wp-content\/uploads\/LoadView-logo-alt.svg","width":455,"height":121,"caption":"LoadView by Dotcom-Monitor"},"image":{"@id":"https:\/\/www.loadview-testing.com\/es\/#\/schema\/logo\/image\/"},"sameAs":["https:\/\/www.facebook.com\/dotcommonitor","https:\/\/x.com\/loadviewtesting","https:\/\/www.linkedin.com\/company\/dotcom-monitor","https:\/\/www.youtube.com\/user\/DotcomMonitor"]}]}},"_links":{"self":[{"href":"https:\/\/www.loadview-testing.com\/es\/wp-json\/wp\/v2\/pages\/91007","targetHints":{"allow":["GET"]}}],"collection":[{"href":"https:\/\/www.loadview-testing.com\/es\/wp-json\/wp\/v2\/pages"}],"about":[{"href":"https:\/\/www.loadview-testing.com\/es\/wp-json\/wp\/v2\/types\/page"}],"author":[{"embeddable":true,"href":"https:\/\/www.loadview-testing.com\/es\/wp-json\/wp\/v2\/users\/2"}],"replies":[{"embeddable":true,"href":"https:\/\/www.loadview-testing.com\/es\/wp-json\/wp\/v2\/comments?post=91007"}],"version-history":[{"count":13,"href":"https:\/\/www.loadview-testing.com\/es\/wp-json\/wp\/v2\/pages\/91007\/revisions"}],"predecessor-version":[{"id":91055,"href":"https:\/\/www.loadview-testing.com\/es\/wp-json\/wp\/v2\/pages\/91007\/revisions\/91055"}],"up":[{"embeddable":true,"href":"https:\/\/www.loadview-testing.com\/es\/wp-json\/wp\/v2\/pages\/8069"}],"wp:featuredmedia":[{"embeddable":true,"href":"https:\/\/www.loadview-testing.com\/es\/wp-json\/wp\/v2\/media\/13476"}],"wp:attachment":[{"href":"https:\/\/www.loadview-testing.com\/es\/wp-json\/wp\/v2\/media?parent=91007"}],"curies":[{"name":"wp","href":"https:\/\/api.w.org\/{rel}","templated":true}]}}