{"id":48392,"date":"2022-10-12T11:38:58","date_gmt":"2022-10-12T16:38:58","guid":{"rendered":"https:\/\/www.loadview-testing.com\/demo\/demo-amerique-du-nord-3\/"},"modified":"2022-10-12T11:38:58","modified_gmt":"2022-10-12T16:38:58","slug":"demo-amerique-du-nord-3","status":"publish","type":"page","link":"https:\/\/www.loadview-testing.com\/fr\/demo\/demo-amerique-du-nord-3\/","title":{"rendered":"D\u00e9mo &#8211; Am\u00e9rique du Nord"},"content":{"rendered":"[et_pb_section fb_built=&#8221;1&#8243; admin_label=&#8221;Demo Hero&#8221; _builder_version=&#8221;4.16&#8243; use_background_color_gradient=&#8221;on&#8221; background_color_gradient_direction=&#8221;160deg&#8221; background_color_gradient_stops=&#8221;#2e39bf 66%|#252eb0 66%&#8221; background_color_gradient_start=&#8221;#2e39bf&#8221; background_color_gradient_start_position=&#8221;66%&#8221; background_color_gradient_end=&#8221;#252eb0&#8243; background_color_gradient_end_position=&#8221;0%&#8221; background_blend=&#8221;overlay&#8221; custom_margin=&#8221;||0px&#8221; custom_padding=&#8221;4em||4em|&#8221; animation_style=&#8221;slide&#8221; animation_direction=&#8221;top&#8221; animation_intensity_slide=&#8221;2%&#8221; locked=&#8221;off&#8221; global_colors_info=&#8221;{}&#8221;][et_pb_row _builder_version=&#8221;4.16&#8243; custom_margin=&#8221;|||&#8221; custom_padding=&#8221;||60px|&#8221; custom_width_px=&#8221;1280px&#8221; global_colors_info=&#8221;{}&#8221;][et_pb_column type=&#8221;4_4&#8243; _builder_version=&#8221;4.16&#8243; custom_padding=&#8221;|||&#8221; global_colors_info=&#8221;{}&#8221; custom_padding__hover=&#8221;|||&#8221;][et_pb_text admin_label=&#8221;LoadView Live Demos&#8221; _builder_version=&#8221;4.16&#8243; header_font=&#8221;|on|||&#8221; header_font_size=&#8221;42px&#8221; header_line_height=&#8221;1.3em&#8221; text_orientation=&#8221;center&#8221; background_layout=&#8221;dark&#8221; module_alignment=&#8221;center&#8221; custom_padding=&#8221;|||&#8221; header_font_size_tablet=&#8221;&#8221; header_font_size_phone=&#8221;&#8221; header_font_size_last_edited=&#8221;on|desktop&#8221; locked=&#8221;off&#8221; global_colors_info=&#8221;{}&#8221;]\n<h1 id='d\u00e9mos-en-direct-de-loadview'  id=\"boomdevs_1\">D\u00e9mos en direct de LoadView<\/h1>\n<h1 id='planifier-une-d\u00e9mo-avec-un-ing\u00e9nieur-de-performance'  id=\"boomdevs_2\"><span style=\"font-size: xx-large;\">Planifier une d\u00e9mo avec un ing\u00e9nieur de performance<\/span><\/h1>\n[\/et_pb_text][\/et_pb_column][\/et_pb_row][\/et_pb_section][et_pb_section fb_built=&#8221;1&#8243; admin_label=&#8221;Demo Form&#8221; _builder_version=&#8221;4.16&#8243; background_color=&#8221;#F4F3F8&#8243; custom_padding=&#8221;4em||4em&#8221; global_colors_info=&#8221;{}&#8221;][et_pb_row use_custom_gutter=&#8221;on&#8221; gutter_width=&#8221;1&#8243; make_equal=&#8221;on&#8221; admin_label=&#8221;Demande de d\u00e9mo&#8221; _builder_version=&#8221;4.16&#8243; background_color=&#8221;#ffffff&#8221; custom_padding=&#8221;0px|0px|0px|0px&#8221; animation_style=&#8221;zoom&#8221; animation_intensity_zoom=&#8221;10%&#8221; animation_starting_opacity=&#8221;100%&#8221; border_radii=&#8221;on|10px|10px|10px|10px&#8221; box_shadow_style=&#8221;preset1&#8243; box_shadow_vertical=&#8221;10px&#8221; box_shadow_blur=&#8221;60px&#8221; box_shadow_color=&#8221;rgba(71,74,182,0.12)&#8221; global_colors_info=&#8221;{}&#8221;][et_pb_column type=&#8221;4_4&#8243; _builder_version=&#8221;4.16&#8243; custom_padding=&#8221;60px||60px|&#8221; global_colors_info=&#8221;{}&#8221; custom_padding__hover=&#8221;|||&#8221;][et_pb_text admin_label=&#8221;Schedule a Demo&#8221; _builder_version=&#8221;4.16&#8243; text_font=&#8221;||||||||&#8221; header_font=&#8221;||||||||&#8221; header_2_font=&#8221;|700|||||||&#8221; header_2_text_color=&#8221;#7272ff&#8221; header_2_font_size=&#8221;36px&#8221; header_2_line_height=&#8221;1.3em&#8221; custom_margin=&#8221;||20px|&#8221; animation_style=&#8221;slide&#8221; animation_direction=&#8221;bottom&#8221; animation_intensity_slide=&#8221;10%&#8221; locked=&#8221;off&#8221; global_colors_info=&#8221;{}&#8221; header_font_size__hover=&#8221;30px&#8221; header_font_size__hover_enabled=&#8221;30px&#8221; header_letter_spacing__hover=&#8221;0px&#8221; header_letter_spacing__hover_enabled=&#8221;0px&#8221; header_text_shadow_style__hover=&#8221;none&#8221; header_text_shadow_style__hover_enabled=&#8221;none&#8221; header_text_shadow_color__hover=&#8221;rgba(0,0,0,0.4)&#8221; header_text_shadow_color__hover_enabled=&#8221;rgba(0,0,0,0.4)&#8221;]\n<h2 id='planifier-une-d\u00e9mo'  id=\"boomdevs_3\" align=\"center\"><span style=\"color: #0e124e;\">Planifier une d\u00e9mo<\/span><\/h2>\n[\/et_pb_text][et_pb_text _builder_version=&#8221;4.16&#8243; text_font=&#8221;||||||||&#8221; text_text_color=&#8221;#000000&#8243; text_line_height=&#8221;1.9em&#8221; header_font=&#8221;||||||||&#8221; text_orientation=&#8221;center&#8221; module_alignment=&#8221;center&#8221; custom_margin=&#8221;|||||&#8221; custom_padding=&#8221;|||0px||&#8221; locked=&#8221;off&#8221; global_colors_info=&#8221;{}&#8221;]Nous proposons des d\u00e9mos priv\u00e9es pour les particuliers et les \u00e9quipes.<br \/>\nNos ing\u00e9nieurs de performance vous guideront tout au long du processus de script, de configuration et d\u2019ex\u00e9cution.<br \/>\nRecevez une vue d\u2019ensemble compl\u00e8te de la solution LoadView, de ses fonctionnalit\u00e9s et de ses capacit\u00e9s.[\/et_pb_text][et_pb_text admin_label=&#8221;Demo Code&#8221; _builder_version=&#8221;4.18.0&#8243; text_font=&#8221;||||||||&#8221; text_orientation=&#8221;center&#8221; hover_enabled=&#8221;0&#8243; global_colors_info=&#8221;{}&#8221; sticky_enabled=&#8221;0&#8243; custom_padding=&#8221;||||false|true&#8221;]\n<p><iframe loading=\"lazy\" src=\"https:\/\/calendar.ripcord.io\/appointment\/10b57016-1721-425b-814d-5e6bfc2d8c49?embed=1\" width=\"100%\" height=\"600\"><\/p>\n<p><\/iframe><\/p>\n[\/et_pb_text][\/et_pb_column][\/et_pb_row][\/et_pb_section]\n","protected":false},"excerpt":{"rendered":"<p>D\u00e9mos en direct de LoadView Planifier une d\u00e9mo avec un ing\u00e9nieur de performancePlanifier une d\u00e9moNous proposons des d\u00e9mos priv\u00e9es pour les particuliers et les \u00e9quipes. Nos ing\u00e9nieurs de performance vous guideront tout au long du processus de script, de configuration et d\u2019ex\u00e9cution. Recevez une vue d\u2019ensemble compl\u00e8te de la solution LoadView, de ses fonctionnalit\u00e9s et [&hellip;]<\/p>\n","protected":false},"author":2,"featured_media":19890,"parent":18451,"menu_order":0,"comment_status":"closed","ping_status":"closed","template":"","meta":{"_et_pb_use_builder":"on","_et_pb_old_content":"","_et_gb_content_width":"","footnotes":""},"class_list":["post-48392","page","type-page","status-publish","has-post-thumbnail","hentry"],"yoast_head":"<!-- This site is optimized with the Yoast SEO plugin v27.1.1 - https:\/\/yoast.com\/product\/yoast-seo-wordpress\/ -->\n<title>D\u00e9monstrations en direct - LoadView Performance Engineering Team<\/title>\n<meta name=\"description\" content=\"Nous proposons des d\u00e9monstrations 1 contre 1 de LoadView, notre plate-forme de test de charge. Les ing\u00e9nieurs de performance vous guideront \u00e0 travers le produit, les fonctionnalit\u00e9s et les capacit\u00e9s.\" \/>\n<meta name=\"robots\" content=\"index, follow, max-snippet:-1, max-image-preview:large, max-video-preview:-1\" \/>\n<link rel=\"canonical\" href=\"https:\/\/www.loadview-testing.com\/fr\/demo\/demo-amerique-du-nord-3\/\" \/>\n<meta property=\"og:locale\" content=\"fr_FR\" \/>\n<meta property=\"og:type\" content=\"article\" \/>\n<meta property=\"og:title\" content=\"D\u00e9monstrations en direct - LoadView Performance Engineering Team\" \/>\n<meta property=\"og:description\" content=\"Nous proposons des d\u00e9monstrations 1 contre 1 de LoadView, notre plate-forme de test de charge. Les ing\u00e9nieurs de performance vous guideront \u00e0 travers le produit, les fonctionnalit\u00e9s et les capacit\u00e9s.\" \/>\n<meta property=\"og:url\" content=\"https:\/\/www.loadview-testing.com\/fr\/demo\/demo-amerique-du-nord-3\/\" \/>\n<meta property=\"og:site_name\" content=\"LoadView\" \/>\n<meta property=\"article:publisher\" content=\"https:\/\/www.facebook.com\/dotcommonitor\" \/>\n<meta property=\"og:image\" content=\"https:\/\/www.loadview-testing.com\/wp-content\/uploads\/loadview-load-testing.png\" \/>\n\t<meta property=\"og:image:width\" content=\"1345\" \/>\n\t<meta property=\"og:image:height\" content=\"924\" \/>\n\t<meta property=\"og:image:type\" content=\"image\/png\" \/>\n<meta name=\"twitter:card\" content=\"summary_large_image\" \/>\n<meta name=\"twitter:site\" content=\"@loadviewtesting\" \/>\n<meta name=\"twitter:label1\" content=\"Dur\u00e9e de lecture estim\u00e9e\" \/>\n\t<meta name=\"twitter:data1\" content=\"3 minutes\" \/>\n<script type=\"application\/ld+json\" class=\"yoast-schema-graph\">{\"@context\":\"https:\/\/schema.org\",\"@graph\":[{\"@type\":\"WebPage\",\"@id\":\"https:\/\/www.loadview-testing.com\/fr\/demo\/demo-amerique-du-nord-3\/\",\"url\":\"https:\/\/www.loadview-testing.com\/fr\/demo\/demo-amerique-du-nord-3\/\",\"name\":\"D\u00e9monstrations en direct - LoadView Performance Engineering Team\",\"isPartOf\":{\"@id\":\"https:\/\/www.loadview-testing.com\/fr\/#website\"},\"primaryImageOfPage\":{\"@id\":\"https:\/\/www.loadview-testing.com\/fr\/demo\/demo-amerique-du-nord-3\/#primaryimage\"},\"image\":{\"@id\":\"https:\/\/www.loadview-testing.com\/fr\/demo\/demo-amerique-du-nord-3\/#primaryimage\"},\"thumbnailUrl\":\"https:\/\/www.loadview-testing.com\/wp-content\/uploads\/loadview-load-testing.png\",\"datePublished\":\"2022-10-12T16:38:58+00:00\",\"description\":\"Nous proposons des d\u00e9monstrations 1 contre 1 de LoadView, notre plate-forme de test de charge. Les ing\u00e9nieurs de performance vous guideront \u00e0 travers le produit, les fonctionnalit\u00e9s et les capacit\u00e9s.\",\"breadcrumb\":{\"@id\":\"https:\/\/www.loadview-testing.com\/fr\/demo\/demo-amerique-du-nord-3\/#breadcrumb\"},\"inLanguage\":\"fr-FR\",\"potentialAction\":[{\"@type\":\"ReadAction\",\"target\":[\"https:\/\/www.loadview-testing.com\/fr\/demo\/demo-amerique-du-nord-3\/\"]}]},{\"@type\":\"ImageObject\",\"inLanguage\":\"fr-FR\",\"@id\":\"https:\/\/www.loadview-testing.com\/fr\/demo\/demo-amerique-du-nord-3\/#primaryimage\",\"url\":\"https:\/\/www.loadview-testing.com\/wp-content\/uploads\/loadview-load-testing.png\",\"contentUrl\":\"https:\/\/www.loadview-testing.com\/wp-content\/uploads\/loadview-load-testing.png\",\"width\":1345,\"height\":924,\"caption\":\"Courbes de charge de test de charge LoadView\"},{\"@type\":\"BreadcrumbList\",\"@id\":\"https:\/\/www.loadview-testing.com\/fr\/demo\/demo-amerique-du-nord-3\/#breadcrumb\",\"itemListElement\":[{\"@type\":\"ListItem\",\"position\":1,\"name\":\"Home\",\"item\":\"https:\/\/www.loadview-testing.com\/fr\/\"},{\"@type\":\"ListItem\",\"position\":2,\"name\":\"D\u00e9mo\",\"item\":\"https:\/\/www.loadview-testing.com\/fr\/demo\/\"},{\"@type\":\"ListItem\",\"position\":3,\"name\":\"D\u00e9mo &#8211; Am\u00e9rique du Nord\"}]},{\"@type\":\"WebSite\",\"@id\":\"https:\/\/www.loadview-testing.com\/fr\/#website\",\"url\":\"https:\/\/www.loadview-testing.com\/fr\/\",\"name\":\"LoadView\",\"description\":\"\",\"publisher\":{\"@id\":\"https:\/\/www.loadview-testing.com\/fr\/#organization\"},\"potentialAction\":[{\"@type\":\"SearchAction\",\"target\":{\"@type\":\"EntryPoint\",\"urlTemplate\":\"https:\/\/www.loadview-testing.com\/fr\/?s={search_term_string}\"},\"query-input\":{\"@type\":\"PropertyValueSpecification\",\"valueRequired\":true,\"valueName\":\"search_term_string\"}}],\"inLanguage\":\"fr-FR\"},{\"@type\":\"Organization\",\"@id\":\"https:\/\/www.loadview-testing.com\/fr\/#organization\",\"name\":\"LoadView by Dotcom-Monitor\",\"url\":\"https:\/\/www.loadview-testing.com\/fr\/\",\"logo\":{\"@type\":\"ImageObject\",\"inLanguage\":\"fr-FR\",\"@id\":\"https:\/\/www.loadview-testing.com\/fr\/#\/schema\/logo\/image\/\",\"url\":\"https:\/\/www.loadview-testing.com\/wp-content\/uploads\/LoadView-logo-alt.svg\",\"contentUrl\":\"https:\/\/www.loadview-testing.com\/wp-content\/uploads\/LoadView-logo-alt.svg\",\"width\":455,\"height\":121,\"caption\":\"LoadView by Dotcom-Monitor\"},\"image\":{\"@id\":\"https:\/\/www.loadview-testing.com\/fr\/#\/schema\/logo\/image\/\"},\"sameAs\":[\"https:\/\/www.facebook.com\/dotcommonitor\",\"https:\/\/x.com\/loadviewtesting\",\"https:\/\/www.linkedin.com\/company\/dotcom-monitor\",\"https:\/\/www.youtube.com\/user\/DotcomMonitor\"]}]}<\/script>\n<!-- \/ Yoast SEO plugin. -->","yoast_head_json":{"title":"D\u00e9monstrations en direct - LoadView Performance Engineering Team","description":"Nous proposons des d\u00e9monstrations 1 contre 1 de LoadView, notre plate-forme de test de charge. Les ing\u00e9nieurs de performance vous guideront \u00e0 travers le produit, les fonctionnalit\u00e9s et les capacit\u00e9s.","robots":{"index":"index","follow":"follow","max-snippet":"max-snippet:-1","max-image-preview":"max-image-preview:large","max-video-preview":"max-video-preview:-1"},"canonical":"https:\/\/www.loadview-testing.com\/fr\/demo\/demo-amerique-du-nord-3\/","og_locale":"fr_FR","og_type":"article","og_title":"D\u00e9monstrations en direct - LoadView Performance Engineering Team","og_description":"Nous proposons des d\u00e9monstrations 1 contre 1 de LoadView, notre plate-forme de test de charge. Les ing\u00e9nieurs de performance vous guideront \u00e0 travers le produit, les fonctionnalit\u00e9s et les capacit\u00e9s.","og_url":"https:\/\/www.loadview-testing.com\/fr\/demo\/demo-amerique-du-nord-3\/","og_site_name":"LoadView","article_publisher":"https:\/\/www.facebook.com\/dotcommonitor","og_image":[{"width":1345,"height":924,"url":"https:\/\/www.loadview-testing.com\/wp-content\/uploads\/loadview-load-testing.png","type":"image\/png"}],"twitter_card":"summary_large_image","twitter_site":"@loadviewtesting","twitter_misc":{"Dur\u00e9e de lecture estim\u00e9e":"3 minutes"},"schema":{"@context":"https:\/\/schema.org","@graph":[{"@type":"WebPage","@id":"https:\/\/www.loadview-testing.com\/fr\/demo\/demo-amerique-du-nord-3\/","url":"https:\/\/www.loadview-testing.com\/fr\/demo\/demo-amerique-du-nord-3\/","name":"D\u00e9monstrations en direct - LoadView Performance Engineering Team","isPartOf":{"@id":"https:\/\/www.loadview-testing.com\/fr\/#website"},"primaryImageOfPage":{"@id":"https:\/\/www.loadview-testing.com\/fr\/demo\/demo-amerique-du-nord-3\/#primaryimage"},"image":{"@id":"https:\/\/www.loadview-testing.com\/fr\/demo\/demo-amerique-du-nord-3\/#primaryimage"},"thumbnailUrl":"https:\/\/www.loadview-testing.com\/wp-content\/uploads\/loadview-load-testing.png","datePublished":"2022-10-12T16:38:58+00:00","description":"Nous proposons des d\u00e9monstrations 1 contre 1 de LoadView, notre plate-forme de test de charge. Les ing\u00e9nieurs de performance vous guideront \u00e0 travers le produit, les fonctionnalit\u00e9s et les capacit\u00e9s.","breadcrumb":{"@id":"https:\/\/www.loadview-testing.com\/fr\/demo\/demo-amerique-du-nord-3\/#breadcrumb"},"inLanguage":"fr-FR","potentialAction":[{"@type":"ReadAction","target":["https:\/\/www.loadview-testing.com\/fr\/demo\/demo-amerique-du-nord-3\/"]}]},{"@type":"ImageObject","inLanguage":"fr-FR","@id":"https:\/\/www.loadview-testing.com\/fr\/demo\/demo-amerique-du-nord-3\/#primaryimage","url":"https:\/\/www.loadview-testing.com\/wp-content\/uploads\/loadview-load-testing.png","contentUrl":"https:\/\/www.loadview-testing.com\/wp-content\/uploads\/loadview-load-testing.png","width":1345,"height":924,"caption":"Courbes de charge de test de charge LoadView"},{"@type":"BreadcrumbList","@id":"https:\/\/www.loadview-testing.com\/fr\/demo\/demo-amerique-du-nord-3\/#breadcrumb","itemListElement":[{"@type":"ListItem","position":1,"name":"Home","item":"https:\/\/www.loadview-testing.com\/fr\/"},{"@type":"ListItem","position":2,"name":"D\u00e9mo","item":"https:\/\/www.loadview-testing.com\/fr\/demo\/"},{"@type":"ListItem","position":3,"name":"D\u00e9mo &#8211; Am\u00e9rique du Nord"}]},{"@type":"WebSite","@id":"https:\/\/www.loadview-testing.com\/fr\/#website","url":"https:\/\/www.loadview-testing.com\/fr\/","name":"LoadView","description":"","publisher":{"@id":"https:\/\/www.loadview-testing.com\/fr\/#organization"},"potentialAction":[{"@type":"SearchAction","target":{"@type":"EntryPoint","urlTemplate":"https:\/\/www.loadview-testing.com\/fr\/?s={search_term_string}"},"query-input":{"@type":"PropertyValueSpecification","valueRequired":true,"valueName":"search_term_string"}}],"inLanguage":"fr-FR"},{"@type":"Organization","@id":"https:\/\/www.loadview-testing.com\/fr\/#organization","name":"LoadView by Dotcom-Monitor","url":"https:\/\/www.loadview-testing.com\/fr\/","logo":{"@type":"ImageObject","inLanguage":"fr-FR","@id":"https:\/\/www.loadview-testing.com\/fr\/#\/schema\/logo\/image\/","url":"https:\/\/www.loadview-testing.com\/wp-content\/uploads\/LoadView-logo-alt.svg","contentUrl":"https:\/\/www.loadview-testing.com\/wp-content\/uploads\/LoadView-logo-alt.svg","width":455,"height":121,"caption":"LoadView by Dotcom-Monitor"},"image":{"@id":"https:\/\/www.loadview-testing.com\/fr\/#\/schema\/logo\/image\/"},"sameAs":["https:\/\/www.facebook.com\/dotcommonitor","https:\/\/x.com\/loadviewtesting","https:\/\/www.linkedin.com\/company\/dotcom-monitor","https:\/\/www.youtube.com\/user\/DotcomMonitor"]}]}},"_links":{"self":[{"href":"https:\/\/www.loadview-testing.com\/fr\/wp-json\/wp\/v2\/pages\/48392","targetHints":{"allow":["GET"]}}],"collection":[{"href":"https:\/\/www.loadview-testing.com\/fr\/wp-json\/wp\/v2\/pages"}],"about":[{"href":"https:\/\/www.loadview-testing.com\/fr\/wp-json\/wp\/v2\/types\/page"}],"author":[{"embeddable":true,"href":"https:\/\/www.loadview-testing.com\/fr\/wp-json\/wp\/v2\/users\/2"}],"replies":[{"embeddable":true,"href":"https:\/\/www.loadview-testing.com\/fr\/wp-json\/wp\/v2\/comments?post=48392"}],"version-history":[{"count":2,"href":"https:\/\/www.loadview-testing.com\/fr\/wp-json\/wp\/v2\/pages\/48392\/revisions"}],"predecessor-version":[{"id":48394,"href":"https:\/\/www.loadview-testing.com\/fr\/wp-json\/wp\/v2\/pages\/48392\/revisions\/48394"}],"up":[{"embeddable":true,"href":"https:\/\/www.loadview-testing.com\/fr\/wp-json\/wp\/v2\/pages\/18451"}],"wp:featuredmedia":[{"embeddable":true,"href":"https:\/\/www.loadview-testing.com\/fr\/wp-json\/wp\/v2\/media\/19890"}],"wp:attachment":[{"href":"https:\/\/www.loadview-testing.com\/fr\/wp-json\/wp\/v2\/media?parent=48392"}],"curies":[{"name":"wp","href":"https:\/\/api.w.org\/{rel}","templated":true}]}}