{"id":48353,"date":"2022-10-12T11:36:05","date_gmt":"2022-10-12T16:36:05","guid":{"rendered":"https:\/\/www.loadview-testing.com\/demo\/demo-america-do-norte-2\/"},"modified":"2022-10-12T11:36:06","modified_gmt":"2022-10-12T16:36:06","slug":"demo-america-do-norte-2","status":"publish","type":"page","link":"https:\/\/www.loadview-testing.com\/pt-br\/demo\/demo-america-do-norte-2\/","title":{"rendered":"Demo &#8211; Am\u00e9rica do Norte"},"content":{"rendered":"[et_pb_section fb_built=&#8221;1&#8243; admin_label=&#8221;Demo Hero&#8221; _builder_version=&#8221;4.16&#8243; use_background_color_gradient=&#8221;on&#8221; background_color_gradient_direction=&#8221;160deg&#8221; background_color_gradient_stops=&#8221;#2e39bf 66%|#252eb0 66%&#8221; background_color_gradient_start=&#8221;#2e39bf&#8221; background_color_gradient_start_position=&#8221;66%&#8221; background_color_gradient_end=&#8221;#252eb0&#8243; background_color_gradient_end_position=&#8221;0%&#8221; background_blend=&#8221;overlay&#8221; custom_margin=&#8221;||0px&#8221; custom_padding=&#8221;4em||4em|&#8221; animation_style=&#8221;slide&#8221; animation_direction=&#8221;top&#8221; animation_intensity_slide=&#8221;2%&#8221; locked=&#8221;off&#8221; global_colors_info=&#8221;{}&#8221;][et_pb_row _builder_version=&#8221;4.16&#8243; custom_margin=&#8221;|||&#8221; custom_padding=&#8221;||60px|&#8221; custom_width_px=&#8221;1280px&#8221; global_colors_info=&#8221;{}&#8221;][et_pb_column type=&#8221;4_4&#8243; _builder_version=&#8221;4.16&#8243; custom_padding=&#8221;|||&#8221; global_colors_info=&#8221;{}&#8221; custom_padding__hover=&#8221;|||&#8221;][et_pb_text admin_label=&#8221;LoadView Live Demos&#8221; _builder_version=&#8221;4.16&#8243; header_font=&#8221;|on|||&#8221; header_font_size=&#8221;42px&#8221; header_line_height=&#8221;1.3em&#8221; text_orientation=&#8221;center&#8221; background_layout=&#8221;dark&#8221; module_alignment=&#8221;center&#8221; custom_padding=&#8221;|||&#8221; header_font_size_tablet=&#8221;&#8221; header_font_size_phone=&#8221;&#8221; header_font_size_last_edited=&#8221;on|desktop&#8221; locked=&#8221;off&#8221; global_colors_info=&#8221;{}&#8221;]\n<h1 id='demos-ao-vivo-do-loadview'  id=\"boomdevs_1\">Demos ao vivo do LoadView<\/h1>\n<h1 id='agende-uma-demonstra\u00e7\u00e3o-com-um-engenheiro-de-desempenho'  id=\"boomdevs_2\"><span style=\"font-size: xx-large;\">Agende uma demonstra\u00e7\u00e3o com um engenheiro de desempenho<\/span><\/h1>\n[\/et_pb_text][\/et_pb_column][\/et_pb_row][\/et_pb_section][et_pb_section fb_built=&#8221;1&#8243; _builder_version=&#8221;4.18.0&#8243; _module_preset=&#8221;default&#8221; global_colors_info=&#8221;{}&#8221;][et_pb_row _builder_version=&#8221;4.18.0&#8243; _module_preset=&#8221;default&#8221; global_colors_info=&#8221;{}&#8221;][et_pb_column type=&#8221;4_4&#8243; _builder_version=&#8221;4.18.0&#8243; _module_preset=&#8221;default&#8221; global_colors_info=&#8221;{}&#8221;][et_pb_code _builder_version=&#8221;4.18.0&#8243; _module_preset=&#8221;default&#8221; global_colors_info=&#8221;{}&#8221;]<iframe loading=\"lazy\" src=\"https:\/\/calendar.ripcord.io\/appointment\/10b57016-1721-425b-814d-5e6bfc2d8c49?embed=1\" width=\"100%\" height=\"600\"><\/iframe>[\/et_pb_code][\/et_pb_column][\/et_pb_row][\/et_pb_section]\n","protected":false},"excerpt":{"rendered":"<p>Demos ao vivo do LoadView Agende uma demonstra\u00e7\u00e3o com um engenheiro de desempenho<\/p>\n","protected":false},"author":2,"featured_media":19901,"parent":18455,"menu_order":0,"comment_status":"closed","ping_status":"closed","template":"","meta":{"_et_pb_use_builder":"on","_et_pb_old_content":"","_et_gb_content_width":"","footnotes":""},"class_list":["post-48353","page","type-page","status-publish","has-post-thumbnail","hentry"],"yoast_head":"<!-- This site is optimized with the Yoast SEO plugin v27.1.1 - https:\/\/yoast.com\/product\/yoast-seo-wordpress\/ -->\n<title>Demos ao vivo - Equipe de Engenharia de Desempenho do LoadView<\/title>\n<meta name=\"description\" content=\"Oferecemos demos 1-on-1 do LoadView, nossa plataforma de testes de carga. Os engenheiros de desempenho ir\u00e3o gui\u00e1-lo atrav\u00e9s do produto, recursos e recursos.\" \/>\n<meta name=\"robots\" content=\"index, follow, max-snippet:-1, max-image-preview:large, max-video-preview:-1\" \/>\n<link rel=\"canonical\" href=\"https:\/\/www.loadview-testing.com\/pt-br\/demo\/demo-america-do-norte-2\/\" \/>\n<meta property=\"og:locale\" content=\"pt_BR\" \/>\n<meta property=\"og:type\" content=\"article\" \/>\n<meta property=\"og:title\" content=\"Demos ao vivo - Equipe de Engenharia de Desempenho do LoadView\" \/>\n<meta property=\"og:description\" content=\"Oferecemos demos 1-on-1 do LoadView, nossa plataforma de testes de carga. Os engenheiros de desempenho ir\u00e3o gui\u00e1-lo atrav\u00e9s do produto, recursos e recursos.\" \/>\n<meta property=\"og:url\" content=\"https:\/\/www.loadview-testing.com\/pt-br\/demo\/demo-america-do-norte-2\/\" \/>\n<meta property=\"og:site_name\" content=\"LoadView\" \/>\n<meta property=\"article:publisher\" content=\"https:\/\/www.facebook.com\/dotcommonitor\" \/>\n<meta property=\"article:modified_time\" content=\"2022-10-12T16:36:06+00:00\" \/>\n<meta property=\"og:image\" content=\"https:\/\/www.loadview-testing.com\/wp-content\/uploads\/loadview-load-testing.png\" \/>\n\t<meta property=\"og:image:width\" content=\"1345\" \/>\n\t<meta property=\"og:image:height\" content=\"924\" \/>\n\t<meta property=\"og:image:type\" content=\"image\/png\" \/>\n<meta name=\"twitter:card\" content=\"summary_large_image\" \/>\n<meta name=\"twitter:site\" content=\"@loadviewtesting\" \/>\n<meta name=\"twitter:label1\" content=\"Est. tempo de leitura\" \/>\n\t<meta name=\"twitter:data1\" content=\"1 minuto\" \/>\n<script type=\"application\/ld+json\" class=\"yoast-schema-graph\">{\"@context\":\"https:\/\/schema.org\",\"@graph\":[{\"@type\":\"WebPage\",\"@id\":\"https:\/\/www.loadview-testing.com\/pt-br\/demo\/demo-america-do-norte-2\/\",\"url\":\"https:\/\/www.loadview-testing.com\/pt-br\/demo\/demo-america-do-norte-2\/\",\"name\":\"Demos ao vivo - Equipe de Engenharia de Desempenho do LoadView\",\"isPartOf\":{\"@id\":\"https:\/\/www.loadview-testing.com\/pt-br\/#website\"},\"primaryImageOfPage\":{\"@id\":\"https:\/\/www.loadview-testing.com\/pt-br\/demo\/demo-america-do-norte-2\/#primaryimage\"},\"image\":{\"@id\":\"https:\/\/www.loadview-testing.com\/pt-br\/demo\/demo-america-do-norte-2\/#primaryimage\"},\"thumbnailUrl\":\"https:\/\/www.loadview-testing.com\/wp-content\/uploads\/loadview-load-testing.png\",\"datePublished\":\"2022-10-12T16:36:05+00:00\",\"dateModified\":\"2022-10-12T16:36:06+00:00\",\"description\":\"Oferecemos demos 1-on-1 do LoadView, nossa plataforma de testes de carga. Os engenheiros de desempenho ir\u00e3o gui\u00e1-lo atrav\u00e9s do produto, recursos e recursos.\",\"breadcrumb\":{\"@id\":\"https:\/\/www.loadview-testing.com\/pt-br\/demo\/demo-america-do-norte-2\/#breadcrumb\"},\"inLanguage\":\"pt-BR\",\"potentialAction\":[{\"@type\":\"ReadAction\",\"target\":[\"https:\/\/www.loadview-testing.com\/pt-br\/demo\/demo-america-do-norte-2\/\"]}]},{\"@type\":\"ImageObject\",\"inLanguage\":\"pt-BR\",\"@id\":\"https:\/\/www.loadview-testing.com\/pt-br\/demo\/demo-america-do-norte-2\/#primaryimage\",\"url\":\"https:\/\/www.loadview-testing.com\/wp-content\/uploads\/loadview-load-testing.png\",\"contentUrl\":\"https:\/\/www.loadview-testing.com\/wp-content\/uploads\/loadview-load-testing.png\",\"width\":1345,\"height\":924,\"caption\":\"Curvas de carga do LoadView\"},{\"@type\":\"BreadcrumbList\",\"@id\":\"https:\/\/www.loadview-testing.com\/pt-br\/demo\/demo-america-do-norte-2\/#breadcrumb\",\"itemListElement\":[{\"@type\":\"ListItem\",\"position\":1,\"name\":\"Home\",\"item\":\"https:\/\/www.loadview-testing.com\/pt-br\/\"},{\"@type\":\"ListItem\",\"position\":2,\"name\":\"demo\",\"item\":\"https:\/\/www.loadview-testing.com\/pt-br\/demo\/\"},{\"@type\":\"ListItem\",\"position\":3,\"name\":\"Demo &#8211; Am\u00e9rica do Norte\"}]},{\"@type\":\"WebSite\",\"@id\":\"https:\/\/www.loadview-testing.com\/pt-br\/#website\",\"url\":\"https:\/\/www.loadview-testing.com\/pt-br\/\",\"name\":\"LoadView\",\"description\":\"\",\"publisher\":{\"@id\":\"https:\/\/www.loadview-testing.com\/pt-br\/#organization\"},\"potentialAction\":[{\"@type\":\"SearchAction\",\"target\":{\"@type\":\"EntryPoint\",\"urlTemplate\":\"https:\/\/www.loadview-testing.com\/pt-br\/?s={search_term_string}\"},\"query-input\":{\"@type\":\"PropertyValueSpecification\",\"valueRequired\":true,\"valueName\":\"search_term_string\"}}],\"inLanguage\":\"pt-BR\"},{\"@type\":\"Organization\",\"@id\":\"https:\/\/www.loadview-testing.com\/pt-br\/#organization\",\"name\":\"LoadView by Dotcom-Monitor\",\"url\":\"https:\/\/www.loadview-testing.com\/pt-br\/\",\"logo\":{\"@type\":\"ImageObject\",\"inLanguage\":\"pt-BR\",\"@id\":\"https:\/\/www.loadview-testing.com\/pt-br\/#\/schema\/logo\/image\/\",\"url\":\"https:\/\/www.loadview-testing.com\/wp-content\/uploads\/LoadView-logo-alt.svg\",\"contentUrl\":\"https:\/\/www.loadview-testing.com\/wp-content\/uploads\/LoadView-logo-alt.svg\",\"width\":455,\"height\":121,\"caption\":\"LoadView by Dotcom-Monitor\"},\"image\":{\"@id\":\"https:\/\/www.loadview-testing.com\/pt-br\/#\/schema\/logo\/image\/\"},\"sameAs\":[\"https:\/\/www.facebook.com\/dotcommonitor\",\"https:\/\/x.com\/loadviewtesting\",\"https:\/\/www.linkedin.com\/company\/dotcom-monitor\",\"https:\/\/www.youtube.com\/user\/DotcomMonitor\"]}]}<\/script>\n<!-- \/ Yoast SEO plugin. -->","yoast_head_json":{"title":"Demos ao vivo - Equipe de Engenharia de Desempenho do LoadView","description":"Oferecemos demos 1-on-1 do LoadView, nossa plataforma de testes de carga. Os engenheiros de desempenho ir\u00e3o gui\u00e1-lo atrav\u00e9s do produto, recursos e recursos.","robots":{"index":"index","follow":"follow","max-snippet":"max-snippet:-1","max-image-preview":"max-image-preview:large","max-video-preview":"max-video-preview:-1"},"canonical":"https:\/\/www.loadview-testing.com\/pt-br\/demo\/demo-america-do-norte-2\/","og_locale":"pt_BR","og_type":"article","og_title":"Demos ao vivo - Equipe de Engenharia de Desempenho do LoadView","og_description":"Oferecemos demos 1-on-1 do LoadView, nossa plataforma de testes de carga. Os engenheiros de desempenho ir\u00e3o gui\u00e1-lo atrav\u00e9s do produto, recursos e recursos.","og_url":"https:\/\/www.loadview-testing.com\/pt-br\/demo\/demo-america-do-norte-2\/","og_site_name":"LoadView","article_publisher":"https:\/\/www.facebook.com\/dotcommonitor","article_modified_time":"2022-10-12T16:36:06+00:00","og_image":[{"width":1345,"height":924,"url":"https:\/\/www.loadview-testing.com\/wp-content\/uploads\/loadview-load-testing.png","type":"image\/png"}],"twitter_card":"summary_large_image","twitter_site":"@loadviewtesting","twitter_misc":{"Est. tempo de leitura":"1 minuto"},"schema":{"@context":"https:\/\/schema.org","@graph":[{"@type":"WebPage","@id":"https:\/\/www.loadview-testing.com\/pt-br\/demo\/demo-america-do-norte-2\/","url":"https:\/\/www.loadview-testing.com\/pt-br\/demo\/demo-america-do-norte-2\/","name":"Demos ao vivo - Equipe de Engenharia de Desempenho do LoadView","isPartOf":{"@id":"https:\/\/www.loadview-testing.com\/pt-br\/#website"},"primaryImageOfPage":{"@id":"https:\/\/www.loadview-testing.com\/pt-br\/demo\/demo-america-do-norte-2\/#primaryimage"},"image":{"@id":"https:\/\/www.loadview-testing.com\/pt-br\/demo\/demo-america-do-norte-2\/#primaryimage"},"thumbnailUrl":"https:\/\/www.loadview-testing.com\/wp-content\/uploads\/loadview-load-testing.png","datePublished":"2022-10-12T16:36:05+00:00","dateModified":"2022-10-12T16:36:06+00:00","description":"Oferecemos demos 1-on-1 do LoadView, nossa plataforma de testes de carga. Os engenheiros de desempenho ir\u00e3o gui\u00e1-lo atrav\u00e9s do produto, recursos e recursos.","breadcrumb":{"@id":"https:\/\/www.loadview-testing.com\/pt-br\/demo\/demo-america-do-norte-2\/#breadcrumb"},"inLanguage":"pt-BR","potentialAction":[{"@type":"ReadAction","target":["https:\/\/www.loadview-testing.com\/pt-br\/demo\/demo-america-do-norte-2\/"]}]},{"@type":"ImageObject","inLanguage":"pt-BR","@id":"https:\/\/www.loadview-testing.com\/pt-br\/demo\/demo-america-do-norte-2\/#primaryimage","url":"https:\/\/www.loadview-testing.com\/wp-content\/uploads\/loadview-load-testing.png","contentUrl":"https:\/\/www.loadview-testing.com\/wp-content\/uploads\/loadview-load-testing.png","width":1345,"height":924,"caption":"Curvas de carga do LoadView"},{"@type":"BreadcrumbList","@id":"https:\/\/www.loadview-testing.com\/pt-br\/demo\/demo-america-do-norte-2\/#breadcrumb","itemListElement":[{"@type":"ListItem","position":1,"name":"Home","item":"https:\/\/www.loadview-testing.com\/pt-br\/"},{"@type":"ListItem","position":2,"name":"demo","item":"https:\/\/www.loadview-testing.com\/pt-br\/demo\/"},{"@type":"ListItem","position":3,"name":"Demo &#8211; Am\u00e9rica do Norte"}]},{"@type":"WebSite","@id":"https:\/\/www.loadview-testing.com\/pt-br\/#website","url":"https:\/\/www.loadview-testing.com\/pt-br\/","name":"LoadView","description":"","publisher":{"@id":"https:\/\/www.loadview-testing.com\/pt-br\/#organization"},"potentialAction":[{"@type":"SearchAction","target":{"@type":"EntryPoint","urlTemplate":"https:\/\/www.loadview-testing.com\/pt-br\/?s={search_term_string}"},"query-input":{"@type":"PropertyValueSpecification","valueRequired":true,"valueName":"search_term_string"}}],"inLanguage":"pt-BR"},{"@type":"Organization","@id":"https:\/\/www.loadview-testing.com\/pt-br\/#organization","name":"LoadView by Dotcom-Monitor","url":"https:\/\/www.loadview-testing.com\/pt-br\/","logo":{"@type":"ImageObject","inLanguage":"pt-BR","@id":"https:\/\/www.loadview-testing.com\/pt-br\/#\/schema\/logo\/image\/","url":"https:\/\/www.loadview-testing.com\/wp-content\/uploads\/LoadView-logo-alt.svg","contentUrl":"https:\/\/www.loadview-testing.com\/wp-content\/uploads\/LoadView-logo-alt.svg","width":455,"height":121,"caption":"LoadView by Dotcom-Monitor"},"image":{"@id":"https:\/\/www.loadview-testing.com\/pt-br\/#\/schema\/logo\/image\/"},"sameAs":["https:\/\/www.facebook.com\/dotcommonitor","https:\/\/x.com\/loadviewtesting","https:\/\/www.linkedin.com\/company\/dotcom-monitor","https:\/\/www.youtube.com\/user\/DotcomMonitor"]}]}},"_links":{"self":[{"href":"https:\/\/www.loadview-testing.com\/pt-br\/wp-json\/wp\/v2\/pages\/48353","targetHints":{"allow":["GET"]}}],"collection":[{"href":"https:\/\/www.loadview-testing.com\/pt-br\/wp-json\/wp\/v2\/pages"}],"about":[{"href":"https:\/\/www.loadview-testing.com\/pt-br\/wp-json\/wp\/v2\/types\/page"}],"author":[{"embeddable":true,"href":"https:\/\/www.loadview-testing.com\/pt-br\/wp-json\/wp\/v2\/users\/2"}],"replies":[{"embeddable":true,"href":"https:\/\/www.loadview-testing.com\/pt-br\/wp-json\/wp\/v2\/comments?post=48353"}],"version-history":[{"count":2,"href":"https:\/\/www.loadview-testing.com\/pt-br\/wp-json\/wp\/v2\/pages\/48353\/revisions"}],"predecessor-version":[{"id":48355,"href":"https:\/\/www.loadview-testing.com\/pt-br\/wp-json\/wp\/v2\/pages\/48353\/revisions\/48355"}],"up":[{"embeddable":true,"href":"https:\/\/www.loadview-testing.com\/pt-br\/wp-json\/wp\/v2\/pages\/18455"}],"wp:featuredmedia":[{"embeddable":true,"href":"https:\/\/www.loadview-testing.com\/pt-br\/wp-json\/wp\/v2\/media\/19901"}],"wp:attachment":[{"href":"https:\/\/www.loadview-testing.com\/pt-br\/wp-json\/wp\/v2\/media?parent=48353"}],"curies":[{"name":"wp","href":"https:\/\/api.w.org\/{rel}","templated":true}]}}